{"id":4533,"date":"2024-03-25T22:28:42","date_gmt":"2024-03-25T21:28:42","guid":{"rendered":"https:\/\/pictys.art\/?page_id=4533"},"modified":"2024-03-27T23:21:59","modified_gmt":"2024-03-27T22:21:59","slug":"elementor-4533","status":"publish","type":"page","link":"https:\/\/pictys.art\/index.php\/elementor-4533\/","title":{"rendered":"Arbres"},"content":{"rendered":"\t\t<div data-elementor-type=\"wp-page\" data-elementor-id=\"4533\" class=\"elementor elementor-4533\">\n\t\t\t\t<div class=\"elementor-element elementor-element-104355e e-flex e-con-boxed e-con e-parent\" data-id=\"104355e\" data-element_type=\"container\" data-e-type=\"container\">\n\t\t\t\t\t<div class=\"e-con-inner\">\n\t\t\t\t<div class=\"elementor-element elementor-element-30099e2 elementor-widget elementor-widget-button\" data-id=\"30099e2\" data-element_type=\"widget\" data-e-type=\"widget\" data-widget_type=\"button.default\">\n\t\t\t\t<div class=\"elementor-widget-container\">\n\t\t\t\t\t\t\t\t\t<div class=\"elementor-button-wrapper\">\n\t\t\t\t\t<a class=\"elementor-button elementor-button-link elementor-size-sm\" href=\"#\" id=\"RETOUR\">\n\t\t\t\t\t\t<span class=\"elementor-button-content-wrapper\">\n\t\t\t\t\t\t<span class=\"elementor-button-icon\">\n\t\t\t\t<svg aria-hidden=\"true\" class=\"e-font-icon-svg e-far-caret-square-up\" viewBox=\"0 0 448 512\" xmlns=\"http:\/\/www.w3.org\/2000\/svg\"><path d=\"M322.9 304H125.1c-10.7 0-16.1-13-8.5-20.5l98.9-98.3c4.7-4.7 12.2-4.7 16.9 0l98.9 98.3c7.7 7.5 2.3 20.5-8.4 20.5zM448 80v352c0 26.5-21.5 48-48 48H48c-26.5 0-48-21.5-48-48V80c0-26.5 21.5-48 48-48h352c26.5 0 48 21.5 48 48zm-48 346V86c0-3.3-2.7-6-6-6H54c-3.3 0-6 2.7-6 6v340c0 3.3 2.7 6 6 6h340c3.3 0 6-2.7 6-6z\"><\/path><\/svg>\t\t\t<\/span>\n\t\t\t\t\t\t\t\t\t<span class=\"elementor-button-text\">RETOUR<\/span>\n\t\t\t\t\t<\/span>\n\t\t\t\t\t<\/a>\n\t\t\t\t<\/div>\n\t\t\t\t\t\t\t\t<\/div>\n\t\t\t\t<\/div>\n\t\t\t\t\t<\/div>\n\t\t\t\t<\/div>\n\t\t<div class=\"elementor-element elementor-element-ca4ea6d e-flex e-con-boxed e-con e-parent\" data-id=\"ca4ea6d\" data-element_type=\"container\" data-e-type=\"container\">\n\t\t\t\t\t<div class=\"e-con-inner\">\n\t\t\t\t<div class=\"elementor-element elementor-element-a18293c elementor-widget elementor-widget-html\" data-id=\"a18293c\" data-element_type=\"widget\" data-e-type=\"widget\" data-widget_type=\"html.default\">\n\t\t\t\t<div class=\"elementor-widget-container\">\n\t\t\t\t\t<script type=\"text\/javascript\"> \n \njQuery(document).ready(function() {\n    jQuery('#RETOUR').on('click', function() {\n      window.history.go(-1); \n      return false;\n    });\n});\n \n<\/script>\n\t\t\t\t<\/div>\n\t\t\t\t<\/div>\n\t\t\t\t\t<\/div>\n\t\t\t\t<\/div>\n\t\t<div class=\"elementor-element elementor-element-3eeeaf9 e-flex e-con-boxed e-con e-parent\" data-id=\"3eeeaf9\" data-element_type=\"container\" data-e-type=\"container\">\n\t\t\t\t\t<div class=\"e-con-inner\">\n\t\t\t\t<div class=\"elementor-element elementor-element-dcf0cda elementor-widget elementor-widget-text-editor\" data-id=\"dcf0cda\" data-element_type=\"widget\" data-e-type=\"widget\" data-widget_type=\"text-editor.default\">\n\t\t\t\t<div class=\"elementor-widget-container\">\n\t\t\t\t\t\t\t\t\t<p>Un proverbe japonais dit: &#8220;<em>Si l&#8217;oc\u00e9an de p\u00e9tales de fleurs de cerisiers durait plus de quelques jours, on ne le ch\u00e9rirait pas autant<\/em>&#8220;. <br \/>Il est un autre \u00e9crin que les p\u00e9tales de cerisiers: la neige.\u00a0 Quand vient le temps des temp\u00eates, les formes s&#8217;estompent, se fondent dans le blanc. Puis apparait la quintessence de l&#8217;arbre, des arbres.\u00a0 De cette \u00e9pure naissent des sentiments de pl\u00e9nitude et d&#8217;incertitude. Pl\u00e9nitude par l&#8217;apparente \u00e9ternit\u00e9 des formes. Incertitude car le moindre rayon de soleil d\u00e9nude les branches de leur manteau neigeux. Les arbres dans la neige semblent flotter dans le vide. Rien ou presque. L&#8217;air et la neige se confondent et laissent les silhouettes d&#8217;arbres \u00e0 leurs dances immobiles.\u00a0 <br \/>On pourra avec bonheur passer de cette galerie \u00e0 la d\u00e9couverte de l\u2019\u0153uvre de Michael Kenna intitul\u00e9e &#8220;<a title=\"Arbres\" href=\"https:\/\/pictys.art\/index.php\/elementor-4533\/\" target=\"_blank\" rel=\"noopener\">Forms of Japan<\/a>&#8220;, dans laquelle il exprime toute la beaut\u00e9 des arbres dans le contexte culturel japonais.<\/p>\t\t\t\t\t\t\t\t<\/div>\n\t\t\t\t<\/div>\n\t\t\t\t\t<\/div>\n\t\t\t\t<\/div>\n\t\t<div class=\"elementor-element elementor-element-a801e91 e-flex e-con-boxed e-con e-parent\" data-id=\"a801e91\" data-element_type=\"container\" data-e-type=\"container\">\n\t\t\t\t\t<div class=\"e-con-inner\">\n\t\t\t\t<div class=\"elementor-element elementor-element-f9162bb elementor-widget elementor-widget-qi_addons_for_elementor_image_gallery_masonry\" data-id=\"f9162bb\" data-element_type=\"widget\" data-e-type=\"widget\" data-widget_type=\"qi_addons_for_elementor_image_gallery_masonry.default\">\n\t\t\t\t<div class=\"elementor-widget-container\">\n\t\t\t\t\t<div class=\"qodef-shortcode qodef-m qodef-qi-image-gallery-masonry qodef-qi-fslightbox-popup qodef-popup-gallery qodef-image--hover-zoom qodef-qi-grid qodef-layout--qi-masonry qodef-items--fixed qodef-col-num--3 qodef-responsive--predefined\">\n\t<div class=\"qodef-grid-inner\">\n\t\t\t<div class=\"qodef-qi-grid-masonry-sizer\"><\/div>\n<div class=\"qodef-e qodef-image-wrapper qodef-grid-item qodef-item--\">\n\t<div class=\"qodef-e-inner\">\n\t\t\t\t\t<a class=\"qodef-popup-item\" itemprop=\"image\" href=\"https:\/\/pictys.art\/wp-content\/uploads\/2024\/03\/Arbre-1.jpg\" data-type=\"image\" data-fslightbox=\"gallery-1\" data-rel=\"lightbox-gallery-oOVOzlgH\" data-rl_title=\"Arbre 1\" data-rl_caption=\"\" title=\"Arbre 1\">\n\t\t\t\t\t<img fetchpriority=\"high\" decoding=\"async\" width=\"1400\" height=\"933\" src=\"https:\/\/pictys.art\/wp-content\/uploads\/2024\/03\/Arbre-1.jpg\" class=\"attachment- size-\" alt=\"\" srcset=\"https:\/\/pictys.art\/wp-content\/uploads\/2024\/03\/Arbre-1.jpg 1400w, https:\/\/pictys.art\/wp-content\/uploads\/2024\/03\/Arbre-1-300x200.jpg 300w, https:\/\/pictys.art\/wp-content\/uploads\/2024\/03\/Arbre-1-1024x682.jpg 1024w, https:\/\/pictys.art\/wp-content\/uploads\/2024\/03\/Arbre-1-768x512.jpg 768w\" sizes=\"(max-width: 1400px) 100vw, 1400px\" \/>\t\t\t\t\t<\/a>\n\t\t\t<\/div>\n<\/div>\n<div class=\"qodef-e qodef-image-wrapper qodef-grid-item qodef-item--\">\n\t<div class=\"qodef-e-inner\">\n\t\t\t\t\t<a class=\"qodef-popup-item\" itemprop=\"image\" href=\"https:\/\/pictys.art\/wp-content\/uploads\/2024\/03\/Arbres-2.jpg\" data-type=\"image\" data-fslightbox=\"gallery-1\" data-rel=\"lightbox-gallery-oOVOzlgH\" data-rl_title=\"Arbres 2\" data-rl_caption=\"\" title=\"Arbres 2\">\n\t\t\t\t\t<img decoding=\"async\" width=\"934\" height=\"1400\" src=\"https:\/\/pictys.art\/wp-content\/uploads\/2024\/03\/Arbres-2.jpg\" class=\"attachment- size-\" alt=\"\" srcset=\"https:\/\/pictys.art\/wp-content\/uploads\/2024\/03\/Arbres-2.jpg 934w, https:\/\/pictys.art\/wp-content\/uploads\/2024\/03\/Arbres-2-200x300.jpg 200w, https:\/\/pictys.art\/wp-content\/uploads\/2024\/03\/Arbres-2-683x1024.jpg 683w, https:\/\/pictys.art\/wp-content\/uploads\/2024\/03\/Arbres-2-768x1151.jpg 768w\" sizes=\"(max-width: 934px) 100vw, 934px\" \/>\t\t\t\t\t<\/a>\n\t\t\t<\/div>\n<\/div>\n<div class=\"qodef-e qodef-image-wrapper qodef-grid-item qodef-item--\">\n\t<div class=\"qodef-e-inner\">\n\t\t\t\t\t<a class=\"qodef-popup-item\" itemprop=\"image\" href=\"https:\/\/pictys.art\/wp-content\/uploads\/2024\/03\/Arbres-3.jpg\" data-type=\"image\" data-fslightbox=\"gallery-1\" data-rel=\"lightbox-gallery-oOVOzlgH\" data-rl_title=\"Arbres 3\" data-rl_caption=\"\" title=\"Arbres 3\">\n\t\t\t\t\t<img decoding=\"async\" width=\"800\" height=\"1600\" src=\"https:\/\/pictys.art\/wp-content\/uploads\/2024\/03\/Arbres-3.jpg\" class=\"attachment- size-\" alt=\"\" srcset=\"https:\/\/pictys.art\/wp-content\/uploads\/2024\/03\/Arbres-3.jpg 800w, https:\/\/pictys.art\/wp-content\/uploads\/2024\/03\/Arbres-3-150x300.jpg 150w, https:\/\/pictys.art\/wp-content\/uploads\/2024\/03\/Arbres-3-512x1024.jpg 512w, https:\/\/pictys.art\/wp-content\/uploads\/2024\/03\/Arbres-3-768x1536.jpg 768w, https:\/\/pictys.art\/wp-content\/uploads\/2024\/03\/Arbres-3-650x1300.jpg 650w\" sizes=\"(max-width: 800px) 100vw, 800px\" \/>\t\t\t\t\t<\/a>\n\t\t\t<\/div>\n<\/div>\n<div class=\"qodef-e qodef-image-wrapper qodef-grid-item qodef-item--\">\n\t<div class=\"qodef-e-inner\">\n\t\t\t\t\t<a class=\"qodef-popup-item\" itemprop=\"image\" href=\"https:\/\/pictys.art\/wp-content\/uploads\/2024\/03\/Arbres-4.jpg\" data-type=\"image\" data-fslightbox=\"gallery-1\" data-rel=\"lightbox-gallery-oOVOzlgH\" data-rl_title=\"Arbres 4\" data-rl_caption=\"\" title=\"Arbres 4\">\n\t\t\t\t\t<img loading=\"lazy\" decoding=\"async\" width=\"1920\" height=\"1080\" src=\"https:\/\/pictys.art\/wp-content\/uploads\/2024\/03\/Arbres-4.jpg\" class=\"attachment- size-\" alt=\"\" srcset=\"https:\/\/pictys.art\/wp-content\/uploads\/2024\/03\/Arbres-4.jpg 1920w, https:\/\/pictys.art\/wp-content\/uploads\/2024\/03\/Arbres-4-300x169.jpg 300w, https:\/\/pictys.art\/wp-content\/uploads\/2024\/03\/Arbres-4-1024x576.jpg 1024w, https:\/\/pictys.art\/wp-content\/uploads\/2024\/03\/Arbres-4-768x432.jpg 768w, https:\/\/pictys.art\/wp-content\/uploads\/2024\/03\/Arbres-4-1536x864.jpg 1536w\" sizes=\"(max-width: 1920px) 100vw, 1920px\" \/>\t\t\t\t\t<\/a>\n\t\t\t<\/div>\n<\/div>\n<div class=\"qodef-e qodef-image-wrapper qodef-grid-item qodef-item--\">\n\t<div class=\"qodef-e-inner\">\n\t\t\t\t\t<a class=\"qodef-popup-item\" itemprop=\"image\" href=\"https:\/\/pictys.art\/wp-content\/uploads\/2024\/03\/Arbres-5.jpg\" data-type=\"image\" data-fslightbox=\"gallery-1\" data-rel=\"lightbox-gallery-oOVOzlgH\" data-rl_title=\"Arbres 5\" data-rl_caption=\"\" title=\"Arbres 5\">\n\t\t\t\t\t<img loading=\"lazy\" decoding=\"async\" width=\"1400\" height=\"934\" src=\"https:\/\/pictys.art\/wp-content\/uploads\/2024\/03\/Arbres-5.jpg\" class=\"attachment- size-\" alt=\"\" srcset=\"https:\/\/pictys.art\/wp-content\/uploads\/2024\/03\/Arbres-5.jpg 1400w, https:\/\/pictys.art\/wp-content\/uploads\/2024\/03\/Arbres-5-300x200.jpg 300w, https:\/\/pictys.art\/wp-content\/uploads\/2024\/03\/Arbres-5-1024x683.jpg 1024w, https:\/\/pictys.art\/wp-content\/uploads\/2024\/03\/Arbres-5-768x512.jpg 768w\" sizes=\"(max-width: 1400px) 100vw, 1400px\" \/>\t\t\t\t\t<\/a>\n\t\t\t<\/div>\n<\/div>\n<div class=\"qodef-e qodef-image-wrapper qodef-grid-item qodef-item--\">\n\t<div class=\"qodef-e-inner\">\n\t\t\t\t\t<a class=\"qodef-popup-item\" itemprop=\"image\" href=\"https:\/\/pictys.art\/wp-content\/uploads\/2024\/03\/Arbres-6.jpg\" data-type=\"image\" data-fslightbox=\"gallery-1\" data-rel=\"lightbox-gallery-oOVOzlgH\" data-rl_title=\"Arbres 6\" data-rl_caption=\"\" title=\"Arbres 6\">\n\t\t\t\t\t<img loading=\"lazy\" decoding=\"async\" width=\"1400\" height=\"934\" src=\"https:\/\/pictys.art\/wp-content\/uploads\/2024\/03\/Arbres-6.jpg\" class=\"attachment- size-\" alt=\"\" srcset=\"https:\/\/pictys.art\/wp-content\/uploads\/2024\/03\/Arbres-6.jpg 1400w, https:\/\/pictys.art\/wp-content\/uploads\/2024\/03\/Arbres-6-300x200.jpg 300w, https:\/\/pictys.art\/wp-content\/uploads\/2024\/03\/Arbres-6-1024x683.jpg 1024w, https:\/\/pictys.art\/wp-content\/uploads\/2024\/03\/Arbres-6-768x512.jpg 768w\" sizes=\"(max-width: 1400px) 100vw, 1400px\" \/>\t\t\t\t\t<\/a>\n\t\t\t<\/div>\n<\/div>\n<div class=\"qodef-e qodef-image-wrapper qodef-grid-item qodef-item--\">\n\t<div class=\"qodef-e-inner\">\n\t\t\t\t\t<a class=\"qodef-popup-item\" itemprop=\"image\" href=\"https:\/\/pictys.art\/wp-content\/uploads\/2024\/03\/Arbres-7.jpg\" data-type=\"image\" data-fslightbox=\"gallery-1\" data-rel=\"lightbox-gallery-oOVOzlgH\" data-rl_title=\"Arbres 7\" data-rl_caption=\"\" title=\"Arbres 7\">\n\t\t\t\t\t<img loading=\"lazy\" decoding=\"async\" width=\"1400\" height=\"934\" src=\"https:\/\/pictys.art\/wp-content\/uploads\/2024\/03\/Arbres-7.jpg\" class=\"attachment- size-\" alt=\"\" srcset=\"https:\/\/pictys.art\/wp-content\/uploads\/2024\/03\/Arbres-7.jpg 1400w, https:\/\/pictys.art\/wp-content\/uploads\/2024\/03\/Arbres-7-300x200.jpg 300w, https:\/\/pictys.art\/wp-content\/uploads\/2024\/03\/Arbres-7-1024x683.jpg 1024w, https:\/\/pictys.art\/wp-content\/uploads\/2024\/03\/Arbres-7-768x512.jpg 768w\" sizes=\"(max-width: 1400px) 100vw, 1400px\" \/>\t\t\t\t\t<\/a>\n\t\t\t<\/div>\n<\/div>\n<div class=\"qodef-e qodef-image-wrapper qodef-grid-item qodef-item--\">\n\t<div class=\"qodef-e-inner\">\n\t\t\t\t\t<a class=\"qodef-popup-item\" itemprop=\"image\" href=\"https:\/\/pictys.art\/wp-content\/uploads\/2024\/03\/Arbres-8.jpg\" data-type=\"image\" data-fslightbox=\"gallery-1\" data-rel=\"lightbox-gallery-oOVOzlgH\" data-rl_title=\"Arbres 8\" data-rl_caption=\"\" title=\"Arbres 8\">\n\t\t\t\t\t<img loading=\"lazy\" decoding=\"async\" width=\"1400\" height=\"1400\" src=\"https:\/\/pictys.art\/wp-content\/uploads\/2024\/03\/Arbres-8.jpg\" class=\"attachment- size-\" alt=\"\" srcset=\"https:\/\/pictys.art\/wp-content\/uploads\/2024\/03\/Arbres-8.jpg 1400w, https:\/\/pictys.art\/wp-content\/uploads\/2024\/03\/Arbres-8-300x300.jpg 300w, https:\/\/pictys.art\/wp-content\/uploads\/2024\/03\/Arbres-8-1024x1024.jpg 1024w, https:\/\/pictys.art\/wp-content\/uploads\/2024\/03\/Arbres-8-150x150.jpg 150w, https:\/\/pictys.art\/wp-content\/uploads\/2024\/03\/Arbres-8-768x768.jpg 768w, https:\/\/pictys.art\/wp-content\/uploads\/2024\/03\/Arbres-8-650x650.jpg 650w, https:\/\/pictys.art\/wp-content\/uploads\/2024\/03\/Arbres-8-1300x1300.jpg 1300w\" sizes=\"(max-width: 1400px) 100vw, 1400px\" \/>\t\t\t\t\t<\/a>\n\t\t\t<\/div>\n<\/div>\n<div class=\"qodef-e qodef-image-wrapper qodef-grid-item qodef-item--\">\n\t<div class=\"qodef-e-inner\">\n\t\t\t\t\t<a class=\"qodef-popup-item\" itemprop=\"image\" href=\"https:\/\/pictys.art\/wp-content\/uploads\/2024\/03\/Arbres-9.jpg\" data-type=\"image\" data-fslightbox=\"gallery-1\" data-rel=\"lightbox-gallery-oOVOzlgH\" data-rl_title=\"Arbres 9\" data-rl_caption=\"\" title=\"Arbres 9\">\n\t\t\t\t\t<img loading=\"lazy\" decoding=\"async\" width=\"1400\" height=\"934\" src=\"https:\/\/pictys.art\/wp-content\/uploads\/2024\/03\/Arbres-9.jpg\" class=\"attachment- size-\" alt=\"\" srcset=\"https:\/\/pictys.art\/wp-content\/uploads\/2024\/03\/Arbres-9.jpg 1400w, https:\/\/pictys.art\/wp-content\/uploads\/2024\/03\/Arbres-9-300x200.jpg 300w, https:\/\/pictys.art\/wp-content\/uploads\/2024\/03\/Arbres-9-1024x683.jpg 1024w, https:\/\/pictys.art\/wp-content\/uploads\/2024\/03\/Arbres-9-768x512.jpg 768w\" sizes=\"(max-width: 1400px) 100vw, 1400px\" \/>\t\t\t\t\t<\/a>\n\t\t\t<\/div>\n<\/div>\n<div class=\"qodef-e qodef-image-wrapper qodef-grid-item qodef-item--\">\n\t<div class=\"qodef-e-inner\">\n\t\t\t\t\t<a class=\"qodef-popup-item\" itemprop=\"image\" href=\"https:\/\/pictys.art\/wp-content\/uploads\/2024\/03\/Arbres-10.jpg\" data-type=\"image\" data-fslightbox=\"gallery-1\" data-rel=\"lightbox-gallery-oOVOzlgH\" data-rl_title=\"Arbres 10\" data-rl_caption=\"\" title=\"Arbres 10\">\n\t\t\t\t\t<img loading=\"lazy\" decoding=\"async\" width=\"1400\" height=\"871\" src=\"https:\/\/pictys.art\/wp-content\/uploads\/2024\/03\/Arbres-10.jpg\" class=\"attachment- size-\" alt=\"\" srcset=\"https:\/\/pictys.art\/wp-content\/uploads\/2024\/03\/Arbres-10.jpg 1400w, https:\/\/pictys.art\/wp-content\/uploads\/2024\/03\/Arbres-10-300x187.jpg 300w, https:\/\/pictys.art\/wp-content\/uploads\/2024\/03\/Arbres-10-1024x637.jpg 1024w, https:\/\/pictys.art\/wp-content\/uploads\/2024\/03\/Arbres-10-768x478.jpg 768w\" sizes=\"(max-width: 1400px) 100vw, 1400px\" \/>\t\t\t\t\t<\/a>\n\t\t\t<\/div>\n<\/div>\n<div class=\"qodef-e qodef-image-wrapper qodef-grid-item qodef-item--\">\n\t<div class=\"qodef-e-inner\">\n\t\t\t\t\t<a class=\"qodef-popup-item\" itemprop=\"image\" href=\"https:\/\/pictys.art\/wp-content\/uploads\/2024\/03\/Arbres-11.jpg\" data-type=\"image\" data-fslightbox=\"gallery-1\" data-rel=\"lightbox-gallery-oOVOzlgH\" data-rl_title=\"Arbres 11\" data-rl_caption=\"\" title=\"Arbres 11\">\n\t\t\t\t\t<img loading=\"lazy\" decoding=\"async\" width=\"1920\" height=\"1080\" src=\"https:\/\/pictys.art\/wp-content\/uploads\/2024\/03\/Arbres-11.jpg\" class=\"attachment- size-\" alt=\"\" srcset=\"https:\/\/pictys.art\/wp-content\/uploads\/2024\/03\/Arbres-11.jpg 1920w, https:\/\/pictys.art\/wp-content\/uploads\/2024\/03\/Arbres-11-300x169.jpg 300w, https:\/\/pictys.art\/wp-content\/uploads\/2024\/03\/Arbres-11-1024x576.jpg 1024w, https:\/\/pictys.art\/wp-content\/uploads\/2024\/03\/Arbres-11-768x432.jpg 768w, https:\/\/pictys.art\/wp-content\/uploads\/2024\/03\/Arbres-11-1536x864.jpg 1536w\" sizes=\"(max-width: 1920px) 100vw, 1920px\" \/>\t\t\t\t\t<\/a>\n\t\t\t<\/div>\n<\/div>\n<div class=\"qodef-e qodef-image-wrapper qodef-grid-item qodef-item--\">\n\t<div class=\"qodef-e-inner\">\n\t\t\t\t\t<a class=\"qodef-popup-item\" itemprop=\"image\" href=\"https:\/\/pictys.art\/wp-content\/uploads\/2024\/03\/Arbres-12.jpg\" data-type=\"image\" data-fslightbox=\"gallery-1\" data-rel=\"lightbox-gallery-oOVOzlgH\" data-rl_title=\"Arbres 12\" data-rl_caption=\"\" title=\"Arbres 12\">\n\t\t\t\t\t<img loading=\"lazy\" decoding=\"async\" width=\"1400\" height=\"934\" src=\"https:\/\/pictys.art\/wp-content\/uploads\/2024\/03\/Arbres-12.jpg\" class=\"attachment- size-\" alt=\"\" srcset=\"https:\/\/pictys.art\/wp-content\/uploads\/2024\/03\/Arbres-12.jpg 1400w, https:\/\/pictys.art\/wp-content\/uploads\/2024\/03\/Arbres-12-300x200.jpg 300w, https:\/\/pictys.art\/wp-content\/uploads\/2024\/03\/Arbres-12-1024x683.jpg 1024w, https:\/\/pictys.art\/wp-content\/uploads\/2024\/03\/Arbres-12-768x512.jpg 768w\" sizes=\"(max-width: 1400px) 100vw, 1400px\" \/>\t\t\t\t\t<\/a>\n\t\t\t<\/div>\n<\/div>\n<div class=\"qodef-e qodef-image-wrapper qodef-grid-item qodef-item--\">\n\t<div class=\"qodef-e-inner\">\n\t\t\t\t\t<a class=\"qodef-popup-item\" itemprop=\"image\" href=\"https:\/\/pictys.art\/wp-content\/uploads\/2024\/03\/Arbres-13.jpg\" data-type=\"image\" data-fslightbox=\"gallery-1\" data-rel=\"lightbox-gallery-oOVOzlgH\" data-rl_title=\"Arbres 13\" data-rl_caption=\"\" title=\"Arbres 13\">\n\t\t\t\t\t<img loading=\"lazy\" decoding=\"async\" width=\"1400\" height=\"934\" src=\"https:\/\/pictys.art\/wp-content\/uploads\/2024\/03\/Arbres-13.jpg\" class=\"attachment- size-\" alt=\"\" srcset=\"https:\/\/pictys.art\/wp-content\/uploads\/2024\/03\/Arbres-13.jpg 1400w, https:\/\/pictys.art\/wp-content\/uploads\/2024\/03\/Arbres-13-300x200.jpg 300w, https:\/\/pictys.art\/wp-content\/uploads\/2024\/03\/Arbres-13-1024x683.jpg 1024w, https:\/\/pictys.art\/wp-content\/uploads\/2024\/03\/Arbres-13-768x512.jpg 768w\" sizes=\"(max-width: 1400px) 100vw, 1400px\" \/>\t\t\t\t\t<\/a>\n\t\t\t<\/div>\n<\/div>\n<div class=\"qodef-e qodef-image-wrapper qodef-grid-item qodef-item--\">\n\t<div class=\"qodef-e-inner\">\n\t\t\t\t\t<a class=\"qodef-popup-item\" itemprop=\"image\" href=\"https:\/\/pictys.art\/wp-content\/uploads\/2024\/03\/Arbres-14.jpg\" data-type=\"image\" data-fslightbox=\"gallery-1\" data-rel=\"lightbox-gallery-oOVOzlgH\" data-rl_title=\"Arbres 14\" data-rl_caption=\"\" title=\"Arbres 14\">\n\t\t\t\t\t<img loading=\"lazy\" decoding=\"async\" width=\"1600\" height=\"1068\" src=\"https:\/\/pictys.art\/wp-content\/uploads\/2024\/03\/Arbres-14.jpg\" class=\"attachment- size-\" alt=\"\" srcset=\"https:\/\/pictys.art\/wp-content\/uploads\/2024\/03\/Arbres-14.jpg 1600w, https:\/\/pictys.art\/wp-content\/uploads\/2024\/03\/Arbres-14-300x200.jpg 300w, https:\/\/pictys.art\/wp-content\/uploads\/2024\/03\/Arbres-14-1024x684.jpg 1024w, https:\/\/pictys.art\/wp-content\/uploads\/2024\/03\/Arbres-14-768x513.jpg 768w, https:\/\/pictys.art\/wp-content\/uploads\/2024\/03\/Arbres-14-1536x1025.jpg 1536w\" sizes=\"(max-width: 1600px) 100vw, 1600px\" \/>\t\t\t\t\t<\/a>\n\t\t\t<\/div>\n<\/div>\n<div class=\"qodef-e qodef-image-wrapper qodef-grid-item qodef-item--\">\n\t<div class=\"qodef-e-inner\">\n\t\t\t\t\t<a class=\"qodef-popup-item\" itemprop=\"image\" href=\"https:\/\/pictys.art\/wp-content\/uploads\/2024\/03\/Arbres-15.jpg\" data-type=\"image\" data-fslightbox=\"gallery-1\" data-rel=\"lightbox-gallery-oOVOzlgH\" data-rl_title=\"Arbres 15\" data-rl_caption=\"\" title=\"Arbres 15\">\n\t\t\t\t\t<img loading=\"lazy\" decoding=\"async\" width=\"1920\" height=\"1080\" src=\"https:\/\/pictys.art\/wp-content\/uploads\/2024\/03\/Arbres-15.jpg\" class=\"attachment- size-\" alt=\"\" srcset=\"https:\/\/pictys.art\/wp-content\/uploads\/2024\/03\/Arbres-15.jpg 1920w, https:\/\/pictys.art\/wp-content\/uploads\/2024\/03\/Arbres-15-300x169.jpg 300w, https:\/\/pictys.art\/wp-content\/uploads\/2024\/03\/Arbres-15-1024x576.jpg 1024w, https:\/\/pictys.art\/wp-content\/uploads\/2024\/03\/Arbres-15-768x432.jpg 768w, https:\/\/pictys.art\/wp-content\/uploads\/2024\/03\/Arbres-15-1536x864.jpg 1536w\" sizes=\"(max-width: 1920px) 100vw, 1920px\" \/>\t\t\t\t\t<\/a>\n\t\t\t<\/div>\n<\/div>\n<div class=\"qodef-e qodef-image-wrapper qodef-grid-item qodef-item--\">\n\t<div class=\"qodef-e-inner\">\n\t\t\t\t\t<a class=\"qodef-popup-item\" itemprop=\"image\" href=\"https:\/\/pictys.art\/wp-content\/uploads\/2024\/03\/Arbres-16.jpg\" data-type=\"image\" data-fslightbox=\"gallery-1\" data-rel=\"lightbox-gallery-oOVOzlgH\" data-rl_title=\"Arbres 16\" data-rl_caption=\"\" title=\"Arbres 16\">\n\t\t\t\t\t<img loading=\"lazy\" decoding=\"async\" width=\"1400\" height=\"1002\" src=\"https:\/\/pictys.art\/wp-content\/uploads\/2024\/03\/Arbres-16.jpg\" class=\"attachment- size-\" alt=\"\" srcset=\"https:\/\/pictys.art\/wp-content\/uploads\/2024\/03\/Arbres-16.jpg 1400w, https:\/\/pictys.art\/wp-content\/uploads\/2024\/03\/Arbres-16-300x215.jpg 300w, https:\/\/pictys.art\/wp-content\/uploads\/2024\/03\/Arbres-16-1024x733.jpg 1024w, https:\/\/pictys.art\/wp-content\/uploads\/2024\/03\/Arbres-16-768x550.jpg 768w\" sizes=\"(max-width: 1400px) 100vw, 1400px\" \/>\t\t\t\t\t<\/a>\n\t\t\t<\/div>\n<\/div>\n<div class=\"qodef-e qodef-image-wrapper qodef-grid-item qodef-item--\">\n\t<div class=\"qodef-e-inner\">\n\t\t\t\t\t<a class=\"qodef-popup-item\" itemprop=\"image\" href=\"https:\/\/pictys.art\/wp-content\/uploads\/2024\/03\/Arbres-17.jpg\" data-type=\"image\" data-fslightbox=\"gallery-1\" data-rel=\"lightbox-gallery-oOVOzlgH\" data-rl_title=\"Arbres 17\" data-rl_caption=\"\" title=\"Arbres 17\">\n\t\t\t\t\t<img loading=\"lazy\" decoding=\"async\" width=\"1920\" height=\"1109\" src=\"https:\/\/pictys.art\/wp-content\/uploads\/2024\/03\/Arbres-17.jpg\" class=\"attachment- size-\" alt=\"\" srcset=\"https:\/\/pictys.art\/wp-content\/uploads\/2024\/03\/Arbres-17.jpg 1920w, https:\/\/pictys.art\/wp-content\/uploads\/2024\/03\/Arbres-17-300x173.jpg 300w, https:\/\/pictys.art\/wp-content\/uploads\/2024\/03\/Arbres-17-1024x591.jpg 1024w, https:\/\/pictys.art\/wp-content\/uploads\/2024\/03\/Arbres-17-768x444.jpg 768w, https:\/\/pictys.art\/wp-content\/uploads\/2024\/03\/Arbres-17-1536x887.jpg 1536w\" sizes=\"(max-width: 1920px) 100vw, 1920px\" \/>\t\t\t\t\t<\/a>\n\t\t\t<\/div>\n<\/div>\n\t<\/div>\n<\/div>\n\t\t\t\t<\/div>\n\t\t\t\t<\/div>\n\t\t\t\t\t<\/div>\n\t\t\t\t<\/div>\n\t\t\t\t<\/div>\n\t\t","protected":false},"excerpt":{"rendered":"<p>RETOUR Un proverbe japonais dit: &#8220;Si l&#8217;oc\u00e9an de p\u00e9tales de fleurs de cerisiers durait plus de quelques jours, on ne le ch\u00e9rirait pas autant&#8220;. Il est un autre \u00e9crin que [&hellip;]<\/p>\n","protected":false},"author":1,"featured_media":0,"parent":0,"menu_order":21,"comment_status":"closed","ping_status":"closed","template":"","meta":{"site-sidebar-layout":"no-sidebar","site-content-layout":"page-builder","ast-site-content-layout":"full-width-container","site-content-style":"default","site-sidebar-style":"default","ast-global-header-display":"","ast-banner-title-visibility":"","ast-main-header-display":"","ast-hfb-above-header-display":"","ast-hfb-below-header-display":"","ast-hfb-mobile-header-display":"","site-post-title":"disabled","ast-breadcrumbs-content":"","ast-featured-img":"disabled","footer-sml-layout":"","ast-disable-related-posts":"","theme-transparent-header-meta":"","adv-header-id-meta":"","stick-header-meta":"","header-above-stick-meta":"","header-main-stick-meta":"","header-below-stick-meta":"","astra-migrate-meta-layouts":"set","ast-page-background-enabled":"default","ast-page-background-meta":{"desktop":{"background-color":"","background-image":"","background-repeat":"repeat","background-position":"center center","background-size":"auto","background-attachment":"scroll","background-type":"","background-media":"","overlay-type":"","overlay-color":"","overlay-opacity":"","overlay-gradient":""},"tablet":{"background-color":"","background-image":"","background-repeat":"repeat","background-position":"center center","background-size":"auto","background-attachment":"scroll","background-type":"","background-media":"","overlay-type":"","overlay-color":"","overlay-opacity":"","overlay-gradient":""},"mobile":{"background-color":"","background-image":"","background-repeat":"repeat","background-position":"center center","background-size":"auto","background-attachment":"scroll","background-type":"","background-media":"","overlay-type":"","overlay-color":"","overlay-opacity":"","overlay-gradient":""}},"ast-content-background-meta":{"desktop":{"background-color":"var(--ast-global-color-5)","background-image":"","background-repeat":"repeat","background-position":"center center","background-size":"auto","background-attachment":"scroll","background-type":"","background-media":"","overlay-type":"","overlay-color":"","overlay-opacity":"","overlay-gradient":""},"tablet":{"background-color":"var(--ast-global-color-5)","background-image":"","background-repeat":"repeat","background-position":"center center","background-size":"auto","background-attachment":"scroll","background-type":"","background-media":"","overlay-type":"","overlay-color":"","overlay-opacity":"","overlay-gradient":""},"mobile":{"background-color":"var(--ast-global-color-5)","background-image":"","background-repeat":"repeat","background-position":"center center","background-size":"auto","background-attachment":"scroll","background-type":"","background-media":"","overlay-type":"","overlay-color":"","overlay-opacity":"","overlay-gradient":""}},"footnotes":""},"folder":[],"class_list":["post-4533","page","type-page","status-publish","hentry"],"aioseo_notices":[],"_links":{"self":[{"href":"https:\/\/pictys.art\/index.php\/wp-json\/wp\/v2\/pages\/4533","targetHints":{"allow":["GET"]}}],"collection":[{"href":"https:\/\/pictys.art\/index.php\/wp-json\/wp\/v2\/pages"}],"about":[{"href":"https:\/\/pictys.art\/index.php\/wp-json\/wp\/v2\/types\/page"}],"author":[{"embeddable":true,"href":"https:\/\/pictys.art\/index.php\/wp-json\/wp\/v2\/users\/1"}],"replies":[{"embeddable":true,"href":"https:\/\/pictys.art\/index.php\/wp-json\/wp\/v2\/comments?post=4533"}],"version-history":[{"count":20,"href":"https:\/\/pictys.art\/index.php\/wp-json\/wp\/v2\/pages\/4533\/revisions"}],"predecessor-version":[{"id":4560,"href":"https:\/\/pictys.art\/index.php\/wp-json\/wp\/v2\/pages\/4533\/revisions\/4560"}],"wp:attachment":[{"href":"https:\/\/pictys.art\/index.php\/wp-json\/wp\/v2\/media?parent=4533"}],"wp:term":[{"taxonomy":"folder","embeddable":true,"href":"https:\/\/pictys.art\/index.php\/wp-json\/wp\/v2\/folder?post=4533"}],"curies":[{"name":"wp","href":"https:\/\/api.w.org\/{rel}","templated":true}]}}