{"id":2684,"date":"2024-01-05T11:09:18","date_gmt":"2024-01-05T10:09:18","guid":{"rendered":"https:\/\/pictys.art\/?page_id=2684"},"modified":"2024-03-27T23:21:59","modified_gmt":"2024-03-27T22:21:59","slug":"elementor-2684","status":"publish","type":"page","link":"https:\/\/pictys.art\/index.php\/elementor-2684\/","title":{"rendered":"Brumes d&#8217;Arr\u00e9e"},"content":{"rendered":"\t\t<div data-elementor-type=\"wp-page\" data-elementor-id=\"2684\" class=\"elementor elementor-2684\">\n\t\t\t\t<div class=\"elementor-element elementor-element-5ce68ae e-flex e-con-boxed e-con e-parent\" data-id=\"5ce68ae\" data-element_type=\"container\" data-e-type=\"container\">\n\t\t\t\t\t<div class=\"e-con-inner\">\n\t\t\t\t<div class=\"elementor-element elementor-element-b388f32 elementor-widget elementor-widget-heading\" data-id=\"b388f32\" data-element_type=\"widget\" data-e-type=\"widget\" data-widget_type=\"heading.default\">\n\t\t\t\t<div class=\"elementor-widget-container\">\n\t\t\t\t\t<h2 class=\"elementor-heading-title elementor-size-medium\">Brumes d'Arr\u00e9e<\/h2>\t\t\t\t<\/div>\n\t\t\t\t<\/div>\n\t\t\t\t\t<\/div>\n\t\t\t\t<\/div>\n\t\t<div class=\"elementor-element elementor-element-c09075b e-flex e-con-boxed e-con e-parent\" data-id=\"c09075b\" data-element_type=\"container\" data-e-type=\"container\">\n\t\t\t\t\t<div class=\"e-con-inner\">\n\t\t\t\t<div class=\"elementor-element elementor-element-65eedc1 elementor-widget elementor-widget-text-editor\" data-id=\"65eedc1\" data-element_type=\"widget\" data-e-type=\"widget\" data-widget_type=\"text-editor.default\">\n\t\t\t\t<div class=\"elementor-widget-container\">\n\t\t\t\t\t\t\t\t\t<p>Les mois de novembre et d\u00e9cembre s&#8217;appellent en breton mis du et mis kerzu (mois noir et si noir) et il n&#8217;est pas exceptionnel au cours de ces mois d&#8217;hiver d&#8217;entendre les habitants des bourgs et des villages se saluer en \u00e9voquant la m\u00e9t\u00e9o locale. Brumes et brouillards peuvent \u00eatre tenaces, mais ils contribuent \u00e0 cr\u00e9er des ambiances\u00a0 exceptionnelles, \u00e0 condition d&#8217;avoir \u00e0 l&#8217;esprit que, quelle que soit la m\u00e9t\u00e9o, \u00e0 un moment ou un autre les jonquilles fleuriront puis les grillons se mettront \u00e0 chanter.<br \/>Alors la nostalgie des brumes et des brouillards pourra s&#8217;installer. Cette galerie a pour objet d&#8217;y replonger sans pour autant mettre les v\u00eatements de pluie.<\/p>\t\t\t\t\t\t\t\t<\/div>\n\t\t\t\t<\/div>\n\t\t\t\t\t<\/div>\n\t\t\t\t<\/div>\n\t\t<div class=\"elementor-element elementor-element-78f1823 e-flex e-con-boxed e-con e-parent\" data-id=\"78f1823\" data-element_type=\"container\" data-e-type=\"container\">\n\t\t\t\t\t<div class=\"e-con-inner\">\n\t\t\t\t<div class=\"elementor-element elementor-element-91e3935 elementor-widget elementor-widget-button\" data-id=\"91e3935\" data-element_type=\"widget\" data-e-type=\"widget\" id=\"RETOUR\" data-widget_type=\"button.default\">\n\t\t\t\t<div class=\"elementor-widget-container\">\n\t\t\t\t\t\t\t\t\t<div class=\"elementor-button-wrapper\">\n\t\t\t\t\t<a class=\"elementor-button elementor-button-link elementor-size-md\" href=\"#\">\n\t\t\t\t\t\t<span class=\"elementor-button-content-wrapper\">\n\t\t\t\t\t\t<span class=\"elementor-button-icon\">\n\t\t\t\t<svg aria-hidden=\"true\" class=\"e-font-icon-svg e-far-caret-square-up\" viewBox=\"0 0 448 512\" xmlns=\"http:\/\/www.w3.org\/2000\/svg\"><path d=\"M322.9 304H125.1c-10.7 0-16.1-13-8.5-20.5l98.9-98.3c4.7-4.7 12.2-4.7 16.9 0l98.9 98.3c7.7 7.5 2.3 20.5-8.4 20.5zM448 80v352c0 26.5-21.5 48-48 48H48c-26.5 0-48-21.5-48-48V80c0-26.5 21.5-48 48-48h352c26.5 0 48 21.5 48 48zm-48 346V86c0-3.3-2.7-6-6-6H54c-3.3 0-6 2.7-6 6v340c0 3.3 2.7 6 6 6h340c3.3 0 6-2.7 6-6z\"><\/path><\/svg>\t\t\t<\/span>\n\t\t\t\t\t\t\t\t\t<span class=\"elementor-button-text\">Retour<\/span>\n\t\t\t\t\t<\/span>\n\t\t\t\t\t<\/a>\n\t\t\t\t<\/div>\n\t\t\t\t\t\t\t\t<\/div>\n\t\t\t\t<\/div>\n\t\t\t\t\t<\/div>\n\t\t\t\t<\/div>\n\t\t<div class=\"elementor-element elementor-element-d7b71cd e-flex e-con-boxed e-con e-parent\" data-id=\"d7b71cd\" data-element_type=\"container\" data-e-type=\"container\">\n\t\t\t\t\t<div class=\"e-con-inner\">\n\t\t\t\t<div class=\"elementor-element elementor-element-95c0036 elementor-widget elementor-widget-html\" data-id=\"95c0036\" data-element_type=\"widget\" data-e-type=\"widget\" data-widget_type=\"html.default\">\n\t\t\t\t<div class=\"elementor-widget-container\">\n\t\t\t\t\t<script type=\"text\/javascript\"> \n \njQuery(document).ready(function() {\n    jQuery('#RETOUR').on('click', function() {\n      window.history.go(-1); \n      return false;\n    });\n});\n \n<\/script>\t\t\t\t<\/div>\n\t\t\t\t<\/div>\n\t\t\t\t\t<\/div>\n\t\t\t\t<\/div>\n\t\t<div class=\"elementor-element elementor-element-fb6315a e-flex e-con-boxed e-con e-parent\" data-id=\"fb6315a\" data-element_type=\"container\" data-e-type=\"container\">\n\t\t\t\t\t<div class=\"e-con-inner\">\n\t\t\t\t<div class=\"elementor-element elementor-element-18601cd elementor-widget elementor-widget-qi_addons_for_elementor_image_gallery\" data-id=\"18601cd\" data-element_type=\"widget\" data-e-type=\"widget\" data-widget_type=\"qi_addons_for_elementor_image_gallery.default\">\n\t\t\t\t<div class=\"elementor-widget-container\">\n\t\t\t\t\t<div class=\"qodef-shortcode qodef-m qodef-qi-image-gallery qodef-qi-fslightbox-popup qodef-popup-gallery qodef-image--hover-zoom qodef-qi-grid qodef-layout--qi-columns qodef-col-num--3 qodef-responsive--predefined\">\n\t<div class=\"qodef-grid-inner\">\n\t\t<div class=\"qodef-e qodef-image-wrapper qodef-grid-item\">\n\t<div class=\"qodef-e-inner\">\n\t\t\t\t\t<a class=\"qodef-popup-item\" itemprop=\"image\" href=\"https:\/\/pictys.art\/wp-content\/uploads\/2024\/01\/Brumes-dArree-12.jpg\" data-type=\"image\" data-fslightbox=\"gallery-754\" data-rel=\"lightbox-gallery-2Q3J5Zp2\" data-rl_title=\"Brumes d&#8217;Arr\u00e9e 12\" data-rl_caption=\"\" title=\"Brumes d&#8217;Arr\u00e9e 12\">\n\t\t\t\t\t<img fetchpriority=\"high\" decoding=\"async\" width=\"1400\" height=\"788\" src=\"https:\/\/pictys.art\/wp-content\/uploads\/2024\/01\/Brumes-dArree-12.jpg\" class=\"attachment-full size-full\" alt=\"\" srcset=\"https:\/\/pictys.art\/wp-content\/uploads\/2024\/01\/Brumes-dArree-12.jpg 1400w, https:\/\/pictys.art\/wp-content\/uploads\/2024\/01\/Brumes-dArree-12-300x169.jpg 300w, https:\/\/pictys.art\/wp-content\/uploads\/2024\/01\/Brumes-dArree-12-1024x576.jpg 1024w, https:\/\/pictys.art\/wp-content\/uploads\/2024\/01\/Brumes-dArree-12-768x432.jpg 768w\" sizes=\"(max-width: 1400px) 100vw, 1400px\" \/>\t\t\t\t\t<\/a>\n\t\t\t<\/div>\n<\/div>\n<div class=\"qodef-e qodef-image-wrapper qodef-grid-item\">\n\t<div class=\"qodef-e-inner\">\n\t\t\t\t\t<a class=\"qodef-popup-item\" itemprop=\"image\" href=\"https:\/\/pictys.art\/wp-content\/uploads\/2024\/01\/Brumes-dArree-11.jpg\" data-type=\"image\" data-fslightbox=\"gallery-754\" data-rel=\"lightbox-gallery-2Q3J5Zp2\" data-rl_title=\"Brumes d&#8217;Arr\u00e9e 11\" data-rl_caption=\"\" title=\"Brumes d&#8217;Arr\u00e9e 11\">\n\t\t\t\t\t<img decoding=\"async\" width=\"1400\" height=\"788\" src=\"https:\/\/pictys.art\/wp-content\/uploads\/2024\/01\/Brumes-dArree-11.jpg\" class=\"attachment-full size-full\" alt=\"\" srcset=\"https:\/\/pictys.art\/wp-content\/uploads\/2024\/01\/Brumes-dArree-11.jpg 1400w, https:\/\/pictys.art\/wp-content\/uploads\/2024\/01\/Brumes-dArree-11-300x169.jpg 300w, https:\/\/pictys.art\/wp-content\/uploads\/2024\/01\/Brumes-dArree-11-1024x576.jpg 1024w, https:\/\/pictys.art\/wp-content\/uploads\/2024\/01\/Brumes-dArree-11-768x432.jpg 768w\" sizes=\"(max-width: 1400px) 100vw, 1400px\" \/>\t\t\t\t\t<\/a>\n\t\t\t<\/div>\n<\/div>\n<div class=\"qodef-e qodef-image-wrapper qodef-grid-item\">\n\t<div class=\"qodef-e-inner\">\n\t\t\t\t\t<a class=\"qodef-popup-item\" itemprop=\"image\" href=\"https:\/\/pictys.art\/wp-content\/uploads\/2024\/01\/Brumes-dArree-10.jpg\" data-type=\"image\" data-fslightbox=\"gallery-754\" data-rel=\"lightbox-gallery-2Q3J5Zp2\" data-rl_title=\"Brumes d&#8217;Arr\u00e9e 10\" data-rl_caption=\"\" title=\"Brumes d&#8217;Arr\u00e9e 10\">\n\t\t\t\t\t<img decoding=\"async\" width=\"1400\" height=\"788\" src=\"https:\/\/pictys.art\/wp-content\/uploads\/2024\/01\/Brumes-dArree-10.jpg\" class=\"attachment-full size-full\" alt=\"\" srcset=\"https:\/\/pictys.art\/wp-content\/uploads\/2024\/01\/Brumes-dArree-10.jpg 1400w, https:\/\/pictys.art\/wp-content\/uploads\/2024\/01\/Brumes-dArree-10-300x169.jpg 300w, https:\/\/pictys.art\/wp-content\/uploads\/2024\/01\/Brumes-dArree-10-1024x576.jpg 1024w, https:\/\/pictys.art\/wp-content\/uploads\/2024\/01\/Brumes-dArree-10-768x432.jpg 768w\" sizes=\"(max-width: 1400px) 100vw, 1400px\" \/>\t\t\t\t\t<\/a>\n\t\t\t<\/div>\n<\/div>\n<div class=\"qodef-e qodef-image-wrapper qodef-grid-item\">\n\t<div class=\"qodef-e-inner\">\n\t\t\t\t\t<a class=\"qodef-popup-item\" itemprop=\"image\" href=\"https:\/\/pictys.art\/wp-content\/uploads\/2024\/01\/Brumes-dArree-09.jpg\" data-type=\"image\" data-fslightbox=\"gallery-754\" data-rel=\"lightbox-gallery-2Q3J5Zp2\" data-rl_title=\"Brumes d&#8217;Arr\u00e9e 09\" data-rl_caption=\"\" title=\"Brumes d&#8217;Arr\u00e9e 09\">\n\t\t\t\t\t<img loading=\"lazy\" decoding=\"async\" width=\"1400\" height=\"788\" src=\"https:\/\/pictys.art\/wp-content\/uploads\/2024\/01\/Brumes-dArree-09.jpg\" class=\"attachment-full size-full\" alt=\"\" srcset=\"https:\/\/pictys.art\/wp-content\/uploads\/2024\/01\/Brumes-dArree-09.jpg 1400w, https:\/\/pictys.art\/wp-content\/uploads\/2024\/01\/Brumes-dArree-09-300x169.jpg 300w, https:\/\/pictys.art\/wp-content\/uploads\/2024\/01\/Brumes-dArree-09-1024x576.jpg 1024w, https:\/\/pictys.art\/wp-content\/uploads\/2024\/01\/Brumes-dArree-09-768x432.jpg 768w\" sizes=\"(max-width: 1400px) 100vw, 1400px\" \/>\t\t\t\t\t<\/a>\n\t\t\t<\/div>\n<\/div>\n<div class=\"qodef-e qodef-image-wrapper qodef-grid-item\">\n\t<div class=\"qodef-e-inner\">\n\t\t\t\t\t<a class=\"qodef-popup-item\" itemprop=\"image\" href=\"https:\/\/pictys.art\/wp-content\/uploads\/2024\/01\/Brumes-dArree-08.jpg\" data-type=\"image\" data-fslightbox=\"gallery-754\" data-rel=\"lightbox-gallery-2Q3J5Zp2\" data-rl_title=\"Brumes d&#8217;Arr\u00e9e 08\" data-rl_caption=\"\" title=\"Brumes d&#8217;Arr\u00e9e 08\">\n\t\t\t\t\t<img loading=\"lazy\" decoding=\"async\" width=\"1400\" height=\"788\" src=\"https:\/\/pictys.art\/wp-content\/uploads\/2024\/01\/Brumes-dArree-08.jpg\" class=\"attachment-full size-full\" alt=\"\" srcset=\"https:\/\/pictys.art\/wp-content\/uploads\/2024\/01\/Brumes-dArree-08.jpg 1400w, https:\/\/pictys.art\/wp-content\/uploads\/2024\/01\/Brumes-dArree-08-300x169.jpg 300w, https:\/\/pictys.art\/wp-content\/uploads\/2024\/01\/Brumes-dArree-08-1024x576.jpg 1024w, https:\/\/pictys.art\/wp-content\/uploads\/2024\/01\/Brumes-dArree-08-768x432.jpg 768w\" sizes=\"(max-width: 1400px) 100vw, 1400px\" \/>\t\t\t\t\t<\/a>\n\t\t\t<\/div>\n<\/div>\n<div class=\"qodef-e qodef-image-wrapper qodef-grid-item\">\n\t<div class=\"qodef-e-inner\">\n\t\t\t\t\t<a class=\"qodef-popup-item\" itemprop=\"image\" href=\"https:\/\/pictys.art\/wp-content\/uploads\/2024\/01\/Brumes-dArree-07.jpg\" data-type=\"image\" data-fslightbox=\"gallery-754\" data-rel=\"lightbox-gallery-2Q3J5Zp2\" data-rl_title=\"Brumes d&#8217;Arr\u00e9e 07\" data-rl_caption=\"\" title=\"Brumes d&#8217;Arr\u00e9e 07\">\n\t\t\t\t\t<img loading=\"lazy\" decoding=\"async\" width=\"1400\" height=\"788\" src=\"https:\/\/pictys.art\/wp-content\/uploads\/2024\/01\/Brumes-dArree-07.jpg\" class=\"attachment-full size-full\" alt=\"\" srcset=\"https:\/\/pictys.art\/wp-content\/uploads\/2024\/01\/Brumes-dArree-07.jpg 1400w, https:\/\/pictys.art\/wp-content\/uploads\/2024\/01\/Brumes-dArree-07-300x169.jpg 300w, https:\/\/pictys.art\/wp-content\/uploads\/2024\/01\/Brumes-dArree-07-1024x576.jpg 1024w, https:\/\/pictys.art\/wp-content\/uploads\/2024\/01\/Brumes-dArree-07-768x432.jpg 768w\" sizes=\"(max-width: 1400px) 100vw, 1400px\" \/>\t\t\t\t\t<\/a>\n\t\t\t<\/div>\n<\/div>\n<div class=\"qodef-e qodef-image-wrapper qodef-grid-item\">\n\t<div class=\"qodef-e-inner\">\n\t\t\t\t\t<a class=\"qodef-popup-item\" itemprop=\"image\" href=\"https:\/\/pictys.art\/wp-content\/uploads\/2024\/01\/Brumes-dArree-06.jpg\" data-type=\"image\" data-fslightbox=\"gallery-754\" data-rel=\"lightbox-gallery-2Q3J5Zp2\" data-rl_title=\"Brumes d&#8217;Arr\u00e9e 06\" data-rl_caption=\"\" title=\"Brumes d&#8217;Arr\u00e9e 06\">\n\t\t\t\t\t<img loading=\"lazy\" decoding=\"async\" width=\"1400\" height=\"933\" src=\"https:\/\/pictys.art\/wp-content\/uploads\/2024\/01\/Brumes-dArree-06.jpg\" class=\"attachment-full size-full\" alt=\"\" srcset=\"https:\/\/pictys.art\/wp-content\/uploads\/2024\/01\/Brumes-dArree-06.jpg 1400w, https:\/\/pictys.art\/wp-content\/uploads\/2024\/01\/Brumes-dArree-06-300x200.jpg 300w, https:\/\/pictys.art\/wp-content\/uploads\/2024\/01\/Brumes-dArree-06-1024x682.jpg 1024w, https:\/\/pictys.art\/wp-content\/uploads\/2024\/01\/Brumes-dArree-06-768x512.jpg 768w\" sizes=\"(max-width: 1400px) 100vw, 1400px\" \/>\t\t\t\t\t<\/a>\n\t\t\t<\/div>\n<\/div>\n<div class=\"qodef-e qodef-image-wrapper qodef-grid-item\">\n\t<div class=\"qodef-e-inner\">\n\t\t\t\t\t<a class=\"qodef-popup-item\" itemprop=\"image\" href=\"https:\/\/pictys.art\/wp-content\/uploads\/2024\/01\/Brumes-dArree-05.jpg\" data-type=\"image\" data-fslightbox=\"gallery-754\" data-rel=\"lightbox-gallery-2Q3J5Zp2\" data-rl_title=\"Brumes d&#8217;Arr\u00e9e 05\" data-rl_caption=\"\" title=\"Brumes d&#8217;Arr\u00e9e 05\">\n\t\t\t\t\t<img loading=\"lazy\" decoding=\"async\" width=\"1400\" height=\"933\" src=\"https:\/\/pictys.art\/wp-content\/uploads\/2024\/01\/Brumes-dArree-05.jpg\" class=\"attachment-full size-full\" alt=\"\" srcset=\"https:\/\/pictys.art\/wp-content\/uploads\/2024\/01\/Brumes-dArree-05.jpg 1400w, https:\/\/pictys.art\/wp-content\/uploads\/2024\/01\/Brumes-dArree-05-300x200.jpg 300w, https:\/\/pictys.art\/wp-content\/uploads\/2024\/01\/Brumes-dArree-05-1024x682.jpg 1024w, https:\/\/pictys.art\/wp-content\/uploads\/2024\/01\/Brumes-dArree-05-768x512.jpg 768w\" sizes=\"(max-width: 1400px) 100vw, 1400px\" \/>\t\t\t\t\t<\/a>\n\t\t\t<\/div>\n<\/div>\n<div class=\"qodef-e qodef-image-wrapper qodef-grid-item\">\n\t<div class=\"qodef-e-inner\">\n\t\t\t\t\t<a class=\"qodef-popup-item\" itemprop=\"image\" href=\"https:\/\/pictys.art\/wp-content\/uploads\/2024\/01\/Brumes-dArree-04.jpg\" data-type=\"image\" data-fslightbox=\"gallery-754\" data-rel=\"lightbox-gallery-2Q3J5Zp2\" data-rl_title=\"Brumes d&#8217;Arr\u00e9e 04\" data-rl_caption=\"\" title=\"Brumes d&#8217;Arr\u00e9e 04\">\n\t\t\t\t\t<img loading=\"lazy\" decoding=\"async\" width=\"1400\" height=\"933\" src=\"https:\/\/pictys.art\/wp-content\/uploads\/2024\/01\/Brumes-dArree-04.jpg\" class=\"attachment-full size-full\" alt=\"\" srcset=\"https:\/\/pictys.art\/wp-content\/uploads\/2024\/01\/Brumes-dArree-04.jpg 1400w, https:\/\/pictys.art\/wp-content\/uploads\/2024\/01\/Brumes-dArree-04-300x200.jpg 300w, https:\/\/pictys.art\/wp-content\/uploads\/2024\/01\/Brumes-dArree-04-1024x682.jpg 1024w, https:\/\/pictys.art\/wp-content\/uploads\/2024\/01\/Brumes-dArree-04-768x512.jpg 768w\" sizes=\"(max-width: 1400px) 100vw, 1400px\" \/>\t\t\t\t\t<\/a>\n\t\t\t<\/div>\n<\/div>\n<div class=\"qodef-e qodef-image-wrapper qodef-grid-item\">\n\t<div class=\"qodef-e-inner\">\n\t\t\t\t\t<a class=\"qodef-popup-item\" itemprop=\"image\" href=\"https:\/\/pictys.art\/wp-content\/uploads\/2024\/01\/Brumes-dArree-02.jpg\" data-type=\"image\" data-fslightbox=\"gallery-754\" data-rel=\"lightbox-gallery-2Q3J5Zp2\" data-rl_title=\"Brumes d&#8217;Arr\u00e9e 02\" data-rl_caption=\"\" title=\"Brumes d&#8217;Arr\u00e9e 02\">\n\t\t\t\t\t<img loading=\"lazy\" decoding=\"async\" width=\"1400\" height=\"788\" src=\"https:\/\/pictys.art\/wp-content\/uploads\/2024\/01\/Brumes-dArree-02.jpg\" class=\"attachment-full size-full\" alt=\"\" srcset=\"https:\/\/pictys.art\/wp-content\/uploads\/2024\/01\/Brumes-dArree-02.jpg 1400w, https:\/\/pictys.art\/wp-content\/uploads\/2024\/01\/Brumes-dArree-02-300x169.jpg 300w, https:\/\/pictys.art\/wp-content\/uploads\/2024\/01\/Brumes-dArree-02-1024x576.jpg 1024w, https:\/\/pictys.art\/wp-content\/uploads\/2024\/01\/Brumes-dArree-02-768x432.jpg 768w\" sizes=\"(max-width: 1400px) 100vw, 1400px\" \/>\t\t\t\t\t<\/a>\n\t\t\t<\/div>\n<\/div>\n<div class=\"qodef-e qodef-image-wrapper qodef-grid-item\">\n\t<div class=\"qodef-e-inner\">\n\t\t\t\t\t<a class=\"qodef-popup-item\" itemprop=\"image\" href=\"https:\/\/pictys.art\/wp-content\/uploads\/2024\/01\/Brumes-dArree-01.jpg\" data-type=\"image\" data-fslightbox=\"gallery-754\" data-rel=\"lightbox-gallery-2Q3J5Zp2\" data-rl_title=\"Brumes d&#8217;Arr\u00e9e 01\" data-rl_caption=\"\" title=\"Brumes d&#8217;Arr\u00e9e 01\">\n\t\t\t\t\t<img loading=\"lazy\" decoding=\"async\" width=\"1400\" height=\"788\" src=\"https:\/\/pictys.art\/wp-content\/uploads\/2024\/01\/Brumes-dArree-01.jpg\" class=\"attachment-full size-full\" alt=\"\" srcset=\"https:\/\/pictys.art\/wp-content\/uploads\/2024\/01\/Brumes-dArree-01.jpg 1400w, https:\/\/pictys.art\/wp-content\/uploads\/2024\/01\/Brumes-dArree-01-300x169.jpg 300w, https:\/\/pictys.art\/wp-content\/uploads\/2024\/01\/Brumes-dArree-01-1024x576.jpg 1024w, https:\/\/pictys.art\/wp-content\/uploads\/2024\/01\/Brumes-dArree-01-768x432.jpg 768w\" sizes=\"(max-width: 1400px) 100vw, 1400px\" \/>\t\t\t\t\t<\/a>\n\t\t\t<\/div>\n<\/div>\n\t<\/div>\n<\/div>\n\t\t\t\t<\/div>\n\t\t\t\t<\/div>\n\t\t\t\t\t<\/div>\n\t\t\t\t<\/div>\n\t\t\t\t<\/div>\n\t\t","protected":false},"excerpt":{"rendered":"<p>Brumes d&#8217;Arr\u00e9e Les mois de novembre et d\u00e9cembre s&#8217;appellent en breton mis du et mis kerzu (mois noir et si noir) et il n&#8217;est pas exceptionnel au cours de ces [&hellip;]<\/p>\n","protected":false},"author":1,"featured_media":0,"parent":0,"menu_order":24,"comment_status":"closed","ping_status":"closed","template":"","meta":{"site-sidebar-layout":"no-sidebar","site-content-layout":"page-builder","ast-site-content-layout":"full-width-container","site-content-style":"default","site-sidebar-style":"default","ast-global-header-display":"","ast-banner-title-visibility":"","ast-main-header-display":"","ast-hfb-above-header-display":"","ast-hfb-below-header-display":"","ast-hfb-mobile-header-display":"","site-post-title":"disabled","ast-breadcrumbs-content":"","ast-featured-img":"disabled","footer-sml-layout":"","ast-disable-related-posts":"","theme-transparent-header-meta":"","adv-header-id-meta":"","stick-header-meta":"","header-above-stick-meta":"","header-main-stick-meta":"","header-below-stick-meta":"","astra-migrate-meta-layouts":"set","ast-page-background-enabled":"default","ast-page-background-meta":{"desktop":{"background-color":"","background-image":"","background-repeat":"repeat","background-position":"center center","background-size":"auto","background-attachment":"scroll","background-type":"","background-media":"","overlay-type":"","overlay-color":"","overlay-opacity":"","overlay-gradient":""},"tablet":{"background-color":"","background-image":"","background-repeat":"repeat","background-position":"center center","background-size":"auto","background-attachment":"scroll","background-type":"","background-media":"","overlay-type":"","overlay-color":"","overlay-opacity":"","overlay-gradient":""},"mobile":{"background-color":"","background-image":"","background-repeat":"repeat","background-position":"center center","background-size":"auto","background-attachment":"scroll","background-type":"","background-media":"","overlay-type":"","overlay-color":"","overlay-opacity":"","overlay-gradient":""}},"ast-content-background-meta":{"desktop":{"background-color":"var(--ast-global-color-5)","background-image":"","background-repeat":"repeat","background-position":"center center","background-size":"auto","background-attachment":"scroll","background-type":"","background-media":"","overlay-type":"","overlay-color":"","overlay-opacity":"","overlay-gradient":""},"tablet":{"background-color":"var(--ast-global-color-5)","background-image":"","background-repeat":"repeat","background-position":"center center","background-size":"auto","background-attachment":"scroll","background-type":"","background-media":"","overlay-type":"","overlay-color":"","overlay-opacity":"","overlay-gradient":""},"mobile":{"background-color":"var(--ast-global-color-5)","background-image":"","background-repeat":"repeat","background-position":"center center","background-size":"auto","background-attachment":"scroll","background-type":"","background-media":"","overlay-type":"","overlay-color":"","overlay-opacity":"","overlay-gradient":""}},"footnotes":""},"folder":[],"class_list":["post-2684","page","type-page","status-publish","hentry"],"aioseo_notices":[],"_links":{"self":[{"href":"https:\/\/pictys.art\/index.php\/wp-json\/wp\/v2\/pages\/2684","targetHints":{"allow":["GET"]}}],"collection":[{"href":"https:\/\/pictys.art\/index.php\/wp-json\/wp\/v2\/pages"}],"about":[{"href":"https:\/\/pictys.art\/index.php\/wp-json\/wp\/v2\/types\/page"}],"author":[{"embeddable":true,"href":"https:\/\/pictys.art\/index.php\/wp-json\/wp\/v2\/users\/1"}],"replies":[{"embeddable":true,"href":"https:\/\/pictys.art\/index.php\/wp-json\/wp\/v2\/comments?post=2684"}],"version-history":[{"count":17,"href":"https:\/\/pictys.art\/index.php\/wp-json\/wp\/v2\/pages\/2684\/revisions"}],"predecessor-version":[{"id":3869,"href":"https:\/\/pictys.art\/index.php\/wp-json\/wp\/v2\/pages\/2684\/revisions\/3869"}],"wp:attachment":[{"href":"https:\/\/pictys.art\/index.php\/wp-json\/wp\/v2\/media?parent=2684"}],"wp:term":[{"taxonomy":"folder","embeddable":true,"href":"https:\/\/pictys.art\/index.php\/wp-json\/wp\/v2\/folder?post=2684"}],"curies":[{"name":"wp","href":"https:\/\/api.w.org\/{rel}","templated":true}]}}