{"id":2651,"date":"2024-01-05T10:14:31","date_gmt":"2024-01-05T09:14:31","guid":{"rendered":"https:\/\/pictys.art\/?page_id=2651"},"modified":"2024-03-27T23:21:59","modified_gmt":"2024-03-27T22:21:59","slug":"elementor-2651","status":"publish","type":"page","link":"https:\/\/pictys.art\/index.php\/elementor-2651\/","title":{"rendered":"Galeries Mondes d&#8217;Arr\u00e9e"},"content":{"rendered":"\t\t<div data-elementor-type=\"wp-page\" data-elementor-id=\"2651\" class=\"elementor elementor-2651\">\n\t\t\t\t<div class=\"elementor-element elementor-element-7141f0a e-flex e-con-boxed e-con e-parent\" data-id=\"7141f0a\" data-element_type=\"container\" data-e-type=\"container\">\n\t\t\t\t\t<div class=\"e-con-inner\">\n\t\t\t\t<div class=\"elementor-element elementor-element-2a58d20 elementor-widget elementor-widget-heading\" data-id=\"2a58d20\" data-element_type=\"widget\" data-e-type=\"widget\" data-widget_type=\"heading.default\">\n\t\t\t\t<div class=\"elementor-widget-container\">\n\t\t\t\t\t<h2 class=\"elementor-heading-title elementor-size-medium\">Galeries Mondes d'Arr\u00e9e<\/h2>\t\t\t\t<\/div>\n\t\t\t\t<\/div>\n\t\t\t\t\t<\/div>\n\t\t\t\t<\/div>\n\t\t<div class=\"elementor-element elementor-element-985033f e-flex e-con-boxed e-con e-parent\" data-id=\"985033f\" data-element_type=\"container\" data-e-type=\"container\">\n\t\t\t\t\t<div class=\"e-con-inner\">\n\t\t\t\t<div class=\"elementor-element elementor-element-fe75919 elementor-widget elementor-widget-text-editor\" data-id=\"fe75919\" data-element_type=\"widget\" data-e-type=\"widget\" data-widget_type=\"text-editor.default\">\n\t\t\t\t<div class=\"elementor-widget-container\">\n\t\t\t\t\t\t\t\t\t<p>Les Monts d&#8217;Arr\u00e9e au c\u0153ur de la Bretagne constituent une r\u00e9gion singuli\u00e8re par les paysages d\u00e9nud\u00e9s des hauteurs qui rappellent en plus modeste les paysages d&#8217;Irlande et d\u2019\u00c9cosse. Au pied de ces monts fatigu\u00e9s s&#8217;\u00e9tendent les bourgs et les villages, les for\u00eats, les bocages et les cours d&#8217;eau qui y prennent source.\u00a0 C&#8217;est cet ensemble, plus vaste que les seules &#8220;montagnes&#8221;, qui constitue les mondes d&#8217;Arr\u00e9e.<br \/>Pour qui en vient, ce n&#8217;est qu&#8217;un monde &#8220;normal&#8221;, celui du territoire magique de l&#8217;enfance o\u00f9 bien avant d&#8217;entendre \u00e9voquer les l\u00e9gendes des Monts d&#8217;Arr\u00e9e, les enfants dont je faisais partie avaient la chance d&#8217;y inventer leurs propres histoires, leurs propres aventures, loin de celles format\u00e9es par l&#8217;\u00e9cole ou les villes. Et m\u00eame s&#8217;il faut bien reconna\u00eetre que les mythes et les l\u00e9gendes qui s&#8217;y rapportent font le bonheur des guides touristiques, il n&#8217;en demeure pas moins que l&#8217;ambiance, dans le brouillard ou la brume, dans les trou\u00e9es des nuages et des for\u00eats ou le long des cours d&#8217;eau reste\u00a0 un objet d&#8217;\u00e9tonnement dont il est difficile de se lasser.<br \/>Dans les galeries qui suivent on trouvera un \u00e9chantillon des ambiances et merveilles que sont les chaos de rochers du Huelgoat et de Saint Herbot et quelques autres coups de c\u0153ur. Moins cartes postales, on y trouvera quelques photos t\u00e9moignant des incendies de l&#8217;ann\u00e9e 2022 et de la d\u00e9solation qui nait dans la vall\u00e9e abritant le Lac de Guerl\u00e9dan \u00e0 chaque &#8220;exercice&#8221; de vidange. Si les habitants des Monts d&#8217;Arr\u00e9e, exode rural oblige, deviennent chaque ann\u00e9e un peu moins nombreux, il existe une bien modeste consolation: les rochers sont fid\u00e8les et ne bougent gu\u00e8re, quant aux foug\u00e8res (et aux lichens), elles regagnent un terrain autrefois perdu.<\/p>\t\t\t\t\t\t\t\t<\/div>\n\t\t\t\t<\/div>\n\t\t\t\t\t<\/div>\n\t\t\t\t<\/div>\n\t\t<div class=\"elementor-element elementor-element-250de2f e-flex e-con-boxed e-con e-parent\" data-id=\"250de2f\" data-element_type=\"container\" data-e-type=\"container\">\n\t\t\t\t\t<div class=\"e-con-inner\">\n\t\t\t\t<div class=\"elementor-element elementor-element-4cf2c1f elementor-widget elementor-widget-button\" data-id=\"4cf2c1f\" data-element_type=\"widget\" data-e-type=\"widget\" id=\"RETOUR\" data-widget_type=\"button.default\">\n\t\t\t\t<div class=\"elementor-widget-container\">\n\t\t\t\t\t\t\t\t\t<div class=\"elementor-button-wrapper\">\n\t\t\t\t\t<a class=\"elementor-button elementor-button-link elementor-size-md\" href=\"#\">\n\t\t\t\t\t\t<span class=\"elementor-button-content-wrapper\">\n\t\t\t\t\t\t<span class=\"elementor-button-icon\">\n\t\t\t\t<svg aria-hidden=\"true\" class=\"e-font-icon-svg e-far-caret-square-up\" viewBox=\"0 0 448 512\" xmlns=\"http:\/\/www.w3.org\/2000\/svg\"><path d=\"M322.9 304H125.1c-10.7 0-16.1-13-8.5-20.5l98.9-98.3c4.7-4.7 12.2-4.7 16.9 0l98.9 98.3c7.7 7.5 2.3 20.5-8.4 20.5zM448 80v352c0 26.5-21.5 48-48 48H48c-26.5 0-48-21.5-48-48V80c0-26.5 21.5-48 48-48h352c26.5 0 48 21.5 48 48zm-48 346V86c0-3.3-2.7-6-6-6H54c-3.3 0-6 2.7-6 6v340c0 3.3 2.7 6 6 6h340c3.3 0 6-2.7 6-6z\"><\/path><\/svg>\t\t\t<\/span>\n\t\t\t\t\t\t\t\t\t<span class=\"elementor-button-text\">Retour<\/span>\n\t\t\t\t\t<\/span>\n\t\t\t\t\t<\/a>\n\t\t\t\t<\/div>\n\t\t\t\t\t\t\t\t<\/div>\n\t\t\t\t<\/div>\n\t\t\t\t\t<\/div>\n\t\t\t\t<\/div>\n\t\t<div class=\"elementor-element elementor-element-c6bd75b e-flex e-con-boxed e-con e-parent\" data-id=\"c6bd75b\" data-element_type=\"container\" data-e-type=\"container\">\n\t\t\t\t\t<div class=\"e-con-inner\">\n\t\t\t\t<div class=\"elementor-element elementor-element-e67deef elementor-widget elementor-widget-html\" data-id=\"e67deef\" data-element_type=\"widget\" data-e-type=\"widget\" data-widget_type=\"html.default\">\n\t\t\t\t<div class=\"elementor-widget-container\">\n\t\t\t\t\t<script type=\"text\/javascript\"> \n \njQuery(document).ready(function() {\n    jQuery('#RETOUR').on('click', function() {\n      window.history.go(-1); \n      return false;\n    });\n});\n \n<\/script>\t\t\t\t<\/div>\n\t\t\t\t<\/div>\n\t\t\t\t\t<\/div>\n\t\t\t\t<\/div>\n\t\t<div class=\"elementor-element elementor-element-4d386b4 e-grid e-con-boxed e-con e-parent\" data-id=\"4d386b4\" data-element_type=\"container\" data-e-type=\"container\">\n\t\t\t\t\t<div class=\"e-con-inner\">\n\t\t\t\t<div class=\"elementor-element elementor-element-d4ce92c elementor-widget elementor-widget-image\" data-id=\"d4ce92c\" data-element_type=\"widget\" data-e-type=\"widget\" data-widget_type=\"image.default\">\n\t\t\t\t<div class=\"elementor-widget-container\">\n\t\t\t\t\t\t\t\t\t\t\t\t<figure class=\"wp-caption\">\n\t\t\t\t\t\t\t\t\t\t\t<a href=\"https:\/\/pictys.art\/index.php\/elementor-2684\/\">\n\t\t\t\t\t\t\t<img fetchpriority=\"high\" decoding=\"async\" width=\"300\" height=\"300\" src=\"https:\/\/pictys.art\/wp-content\/uploads\/2024\/01\/Brumes-dArree-09_cr-300x300.jpg\" class=\"attachment-medium size-medium wp-image-2620\" alt=\"\" srcset=\"https:\/\/pictys.art\/wp-content\/uploads\/2024\/01\/Brumes-dArree-09_cr-300x300.jpg 300w, https:\/\/pictys.art\/wp-content\/uploads\/2024\/01\/Brumes-dArree-09_cr-150x150.jpg 150w, https:\/\/pictys.art\/wp-content\/uploads\/2024\/01\/Brumes-dArree-09_cr-768x768.jpg 768w, https:\/\/pictys.art\/wp-content\/uploads\/2024\/01\/Brumes-dArree-09_cr-650x650.jpg 650w, https:\/\/pictys.art\/wp-content\/uploads\/2024\/01\/Brumes-dArree-09_cr.jpg 788w\" sizes=\"(max-width: 300px) 100vw, 300px\" \/>\t\t\t\t\t\t\t\t<\/a>\n\t\t\t\t\t\t\t\t\t\t\t<figcaption class=\"widget-image-caption wp-caption-text\">Brumes et brouillards<\/figcaption>\n\t\t\t\t\t\t\t\t\t\t<\/figure>\n\t\t\t\t\t\t\t\t\t<\/div>\n\t\t\t\t<\/div>\n\t\t\t\t<div class=\"elementor-element elementor-element-fadd298 elementor-widget elementor-widget-image\" data-id=\"fadd298\" data-element_type=\"widget\" data-e-type=\"widget\" data-widget_type=\"image.default\">\n\t\t\t\t<div class=\"elementor-widget-container\">\n\t\t\t\t\t\t\t\t\t\t\t\t<figure class=\"wp-caption\">\n\t\t\t\t\t\t\t\t\t\t\t<a href=\"https:\/\/pictys.art\/index.php\/elementor-3542\/\">\n\t\t\t\t\t\t\t<img decoding=\"async\" width=\"300\" height=\"300\" src=\"https:\/\/pictys.art\/wp-content\/uploads\/2024\/01\/Riviere-dargent-min-300x300.jpg\" class=\"attachment-medium size-medium wp-image-2719\" alt=\"\" srcset=\"https:\/\/pictys.art\/wp-content\/uploads\/2024\/01\/Riviere-dargent-min-300x300.jpg 300w, https:\/\/pictys.art\/wp-content\/uploads\/2024\/01\/Riviere-dargent-min-150x150.jpg 150w, https:\/\/pictys.art\/wp-content\/uploads\/2024\/01\/Riviere-dargent-min.jpg 350w\" sizes=\"(max-width: 300px) 100vw, 300px\" \/>\t\t\t\t\t\t\t\t<\/a>\n\t\t\t\t\t\t\t\t\t\t\t<figcaption class=\"widget-image-caption wp-caption-text\">Rivi\u00e8res d'argent<\/figcaption>\n\t\t\t\t\t\t\t\t\t\t<\/figure>\n\t\t\t\t\t\t\t\t\t<\/div>\n\t\t\t\t<\/div>\n\t\t\t\t<div class=\"elementor-element elementor-element-d442f29 elementor-widget elementor-widget-image\" data-id=\"d442f29\" data-element_type=\"widget\" data-e-type=\"widget\" data-widget_type=\"image.default\">\n\t\t\t\t<div class=\"elementor-widget-container\">\n\t\t\t\t\t\t\t\t\t\t\t\t<figure class=\"wp-caption\">\n\t\t\t\t\t\t\t\t\t\t\t<a href=\"https:\/\/pictys.art\/index.php\/elementor-2701\/\">\n\t\t\t\t\t\t\t<img decoding=\"async\" width=\"300\" height=\"300\" src=\"https:\/\/pictys.art\/wp-content\/uploads\/2024\/01\/Arree-Inc-19-300x300.jpg\" class=\"attachment-medium size-medium wp-image-2642\" alt=\"\" srcset=\"https:\/\/pictys.art\/wp-content\/uploads\/2024\/01\/Arree-Inc-19-300x300.jpg 300w, https:\/\/pictys.art\/wp-content\/uploads\/2024\/01\/Arree-Inc-19-1024x1024.jpg 1024w, https:\/\/pictys.art\/wp-content\/uploads\/2024\/01\/Arree-Inc-19-150x150.jpg 150w, https:\/\/pictys.art\/wp-content\/uploads\/2024\/01\/Arree-Inc-19-768x768.jpg 768w, https:\/\/pictys.art\/wp-content\/uploads\/2024\/01\/Arree-Inc-19-650x650.jpg 650w, https:\/\/pictys.art\/wp-content\/uploads\/2024\/01\/Arree-Inc-19-1300x1300.jpg 1300w, https:\/\/pictys.art\/wp-content\/uploads\/2024\/01\/Arree-Inc-19.jpg 1400w\" sizes=\"(max-width: 300px) 100vw, 300px\" \/>\t\t\t\t\t\t\t\t<\/a>\n\t\t\t\t\t\t\t\t\t\t\t<figcaption class=\"widget-image-caption wp-caption-text\">Menez Ludu<\/figcaption>\n\t\t\t\t\t\t\t\t\t\t<\/figure>\n\t\t\t\t\t\t\t\t\t<\/div>\n\t\t\t\t<\/div>\n\t\t\t\t\t<\/div>\n\t\t\t\t<\/div>\n\t\t\t\t<\/div>\n\t\t","protected":false},"excerpt":{"rendered":"<p>Galeries Mondes d&#8217;Arr\u00e9e Les Monts d&#8217;Arr\u00e9e au c\u0153ur de la Bretagne constituent une r\u00e9gion singuli\u00e8re par les paysages d\u00e9nud\u00e9s des hauteurs qui rappellent en plus modeste les paysages d&#8217;Irlande et [&hellip;]<\/p>\n","protected":false},"author":1,"featured_media":0,"parent":0,"menu_order":23,"comment_status":"closed","ping_status":"closed","template":"","meta":{"site-sidebar-layout":"no-sidebar","site-content-layout":"page-builder","ast-site-content-layout":"full-width-container","site-content-style":"default","site-sidebar-style":"default","ast-global-header-display":"","ast-banner-title-visibility":"","ast-main-header-display":"","ast-hfb-above-header-display":"","ast-hfb-below-header-display":"","ast-hfb-mobile-header-display":"","site-post-title":"disabled","ast-breadcrumbs-content":"","ast-featured-img":"disabled","footer-sml-layout":"","ast-disable-related-posts":"","theme-transparent-header-meta":"","adv-header-id-meta":"","stick-header-meta":"","header-above-stick-meta":"","header-main-stick-meta":"","header-below-stick-meta":"","astra-migrate-meta-layouts":"set","ast-page-background-enabled":"default","ast-page-background-meta":{"desktop":{"background-color":"","background-image":"","background-repeat":"repeat","background-position":"center center","background-size":"auto","background-attachment":"scroll","background-type":"","background-media":"","overlay-type":"","overlay-color":"","overlay-opacity":"","overlay-gradient":""},"tablet":{"background-color":"","background-image":"","background-repeat":"repeat","background-position":"center center","background-size":"auto","background-attachment":"scroll","background-type":"","background-media":"","overlay-type":"","overlay-color":"","overlay-opacity":"","overlay-gradient":""},"mobile":{"background-color":"","background-image":"","background-repeat":"repeat","background-position":"center center","background-size":"auto","background-attachment":"scroll","background-type":"","background-media":"","overlay-type":"","overlay-color":"","overlay-opacity":"","overlay-gradient":""}},"ast-content-background-meta":{"desktop":{"background-color":"var(--ast-global-color-5)","background-image":"","background-repeat":"repeat","background-position":"center center","background-size":"auto","background-attachment":"scroll","background-type":"","background-media":"","overlay-type":"","overlay-color":"","overlay-opacity":"","overlay-gradient":""},"tablet":{"background-color":"var(--ast-global-color-5)","background-image":"","background-repeat":"repeat","background-position":"center center","background-size":"auto","background-attachment":"scroll","background-type":"","background-media":"","overlay-type":"","overlay-color":"","overlay-opacity":"","overlay-gradient":""},"mobile":{"background-color":"var(--ast-global-color-5)","background-image":"","background-repeat":"repeat","background-position":"center center","background-size":"auto","background-attachment":"scroll","background-type":"","background-media":"","overlay-type":"","overlay-color":"","overlay-opacity":"","overlay-gradient":""}},"footnotes":""},"folder":[],"class_list":["post-2651","page","type-page","status-publish","hentry"],"aioseo_notices":[],"_links":{"self":[{"href":"https:\/\/pictys.art\/index.php\/wp-json\/wp\/v2\/pages\/2651","targetHints":{"allow":["GET"]}}],"collection":[{"href":"https:\/\/pictys.art\/index.php\/wp-json\/wp\/v2\/pages"}],"about":[{"href":"https:\/\/pictys.art\/index.php\/wp-json\/wp\/v2\/types\/page"}],"author":[{"embeddable":true,"href":"https:\/\/pictys.art\/index.php\/wp-json\/wp\/v2\/users\/1"}],"replies":[{"embeddable":true,"href":"https:\/\/pictys.art\/index.php\/wp-json\/wp\/v2\/comments?post=2651"}],"version-history":[{"count":29,"href":"https:\/\/pictys.art\/index.php\/wp-json\/wp\/v2\/pages\/2651\/revisions"}],"predecessor-version":[{"id":3863,"href":"https:\/\/pictys.art\/index.php\/wp-json\/wp\/v2\/pages\/2651\/revisions\/3863"}],"wp:attachment":[{"href":"https:\/\/pictys.art\/index.php\/wp-json\/wp\/v2\/media?parent=2651"}],"wp:term":[{"taxonomy":"folder","embeddable":true,"href":"https:\/\/pictys.art\/index.php\/wp-json\/wp\/v2\/folder?post=2651"}],"curies":[{"name":"wp","href":"https:\/\/api.w.org\/{rel}","templated":true}]}}