{"id":2547,"date":"2024-01-04T14:52:29","date_gmt":"2024-01-04T13:52:29","guid":{"rendered":"https:\/\/pictys.art\/?page_id=2547"},"modified":"2024-03-27T23:21:59","modified_gmt":"2024-03-27T22:21:59","slug":"elementor-2547","status":"publish","type":"page","link":"https:\/\/pictys.art\/index.php\/elementor-2547\/","title":{"rendered":"R\u00e9f\u00e9rence fusuma-e"},"content":{"rendered":"\t\t<div data-elementor-type=\"wp-page\" data-elementor-id=\"2547\" class=\"elementor elementor-2547\">\n\t\t\t\t<div class=\"elementor-element elementor-element-90f1dfa e-flex e-con-boxed e-con e-parent\" data-id=\"90f1dfa\" data-element_type=\"container\" data-e-type=\"container\">\n\t\t\t\t\t<div class=\"e-con-inner\">\n\t\t\t\t<div class=\"elementor-element elementor-element-3aaefe5 elementor-widget elementor-widget-button\" data-id=\"3aaefe5\" data-element_type=\"widget\" data-e-type=\"widget\" id=\"RETOUR\" data-widget_type=\"button.default\">\n\t\t\t\t<div class=\"elementor-widget-container\">\n\t\t\t\t\t\t\t\t\t<div class=\"elementor-button-wrapper\">\n\t\t\t\t\t<a class=\"elementor-button elementor-button-link elementor-size-md\" href=\"#\">\n\t\t\t\t\t\t<span class=\"elementor-button-content-wrapper\">\n\t\t\t\t\t\t<span class=\"elementor-button-icon\">\n\t\t\t\t<svg aria-hidden=\"true\" class=\"e-font-icon-svg e-far-caret-square-up\" viewBox=\"0 0 448 512\" xmlns=\"http:\/\/www.w3.org\/2000\/svg\"><path d=\"M322.9 304H125.1c-10.7 0-16.1-13-8.5-20.5l98.9-98.3c4.7-4.7 12.2-4.7 16.9 0l98.9 98.3c7.7 7.5 2.3 20.5-8.4 20.5zM448 80v352c0 26.5-21.5 48-48 48H48c-26.5 0-48-21.5-48-48V80c0-26.5 21.5-48 48-48h352c26.5 0 48 21.5 48 48zm-48 346V86c0-3.3-2.7-6-6-6H54c-3.3 0-6 2.7-6 6v340c0 3.3 2.7 6 6 6h340c3.3 0 6-2.7 6-6z\"><\/path><\/svg>\t\t\t<\/span>\n\t\t\t\t\t\t\t\t\t<span class=\"elementor-button-text\">Retour<\/span>\n\t\t\t\t\t<\/span>\n\t\t\t\t\t<\/a>\n\t\t\t\t<\/div>\n\t\t\t\t\t\t\t\t<\/div>\n\t\t\t\t<\/div>\n\t\t\t\t<div class=\"elementor-element elementor-element-06f7c46 elementor-widget elementor-widget-html\" data-id=\"06f7c46\" data-element_type=\"widget\" data-e-type=\"widget\" data-widget_type=\"html.default\">\n\t\t\t\t<div class=\"elementor-widget-container\">\n\t\t\t\t\t<script type=\"text\/javascript\"> \n \njQuery(document).ready(function() {\n    jQuery('#RETOUR').on('click', function() {\n      window.history.go(-1); \n      return false;\n    });\n});\n \n<\/script>\t\t\t\t<\/div>\n\t\t\t\t<\/div>\n\t\t\t\t\t<\/div>\n\t\t\t\t<\/div>\n\t\t<div class=\"elementor-element elementor-element-4d252cb e-flex e-con-boxed e-con e-parent\" data-id=\"4d252cb\" data-element_type=\"container\" data-e-type=\"container\">\n\t\t\t\t\t<div class=\"e-con-inner\">\n\t\t\t\t<div class=\"elementor-element elementor-element-0bcc378 elementor-widget elementor-widget-text-editor\" data-id=\"0bcc378\" data-element_type=\"widget\" data-e-type=\"widget\" data-widget_type=\"text-editor.default\">\n\t\t\t\t<div class=\"elementor-widget-container\">\n\t\t\t\t\t\t\t\t\t<p><strong>R\u00e9f\u00e9rence fusuma-e<\/strong>.<br \/>Les panneaux peints coulissant des temples connus sous le nom de &#8220;fusuma&#8221; sont c\u00e9l\u00e8bres par leurs peintures stylis\u00e9es abondant en sc\u00e8nes de nature idylliques et fantasm\u00e9es.\u00a0 Bien que la photographie permette de documenter ces peintures et de partager avec le grand public ces richesses culturelles inaccessibles au plus grand nombre, il est nettement plus d\u00e9licat de tenter d&#8217;\u00e9voquer ces sc\u00e8nes \u00e0 partir de photographies saisies en milieu naturel, hors du contexte culturel japonais.<br \/>Les quelques images ici pr\u00e9sent\u00e9es constituent une tentative d&#8217;interpr\u00e9tation des fichiers bruts enregistr\u00e9s par un appareil photo num\u00e9rique au moyen d&#8217;artifices logiciels (en l&#8217;occurrence \u00e0 l&#8217;aide de darktable). Chacun jugera de l&#8217;int\u00e9r\u00eat, de la r\u00e9ussite ou de l&#8217;\u00e9chec de cette approche pour le moins d\u00e9licate et passablement al\u00e9atoire.<\/p>\t\t\t\t\t\t\t\t<\/div>\n\t\t\t\t<\/div>\n\t\t\t\t\t<\/div>\n\t\t\t\t<\/div>\n\t\t<div class=\"elementor-element elementor-element-13fb344 e-flex e-con-boxed e-con e-parent\" data-id=\"13fb344\" data-element_type=\"container\" data-e-type=\"container\">\n\t\t\t\t\t<div class=\"e-con-inner\">\n\t\t\t\t<div class=\"elementor-element elementor-element-013caa3 elementor-widget elementor-widget-qi_addons_for_elementor_image_gallery\" data-id=\"013caa3\" data-element_type=\"widget\" data-e-type=\"widget\" data-widget_type=\"qi_addons_for_elementor_image_gallery.default\">\n\t\t\t\t<div class=\"elementor-widget-container\">\n\t\t\t\t\t<div class=\"qodef-shortcode qodef-m qodef-qi-image-gallery qodef-qi-fslightbox-popup qodef-popup-gallery qodef-image--hover-zoom qodef-qi-grid qodef-layout--qi-columns qodef-col-num--3 qodef-responsive--predefined\">\n\t<div class=\"qodef-grid-inner\">\n\t\t<div class=\"qodef-e qodef-image-wrapper qodef-grid-item\">\n\t<div class=\"qodef-e-inner\">\n\t\t\t\t\t<a class=\"qodef-popup-item\" itemprop=\"image\" href=\"https:\/\/pictys.art\/wp-content\/uploads\/2023\/12\/I31A2173-b.jpg\" data-type=\"image\" data-fslightbox=\"gallery-584\" data-rel=\"lightbox-gallery-vdmmubmc\" data-rl_title=\"I31A2173 b\" data-rl_caption=\"Nu\u00e9e sur fond noir\" title=\"I31A2173 b\">\n\t\t\t\t\t<img fetchpriority=\"high\" decoding=\"async\" width=\"1400\" height=\"933\" src=\"https:\/\/pictys.art\/wp-content\/uploads\/2023\/12\/I31A2173-b.jpg\" class=\"attachment-full size-full\" alt=\"\" srcset=\"https:\/\/pictys.art\/wp-content\/uploads\/2023\/12\/I31A2173-b.jpg 1400w, https:\/\/pictys.art\/wp-content\/uploads\/2023\/12\/I31A2173-b-300x200.jpg 300w, https:\/\/pictys.art\/wp-content\/uploads\/2023\/12\/I31A2173-b-1024x682.jpg 1024w, https:\/\/pictys.art\/wp-content\/uploads\/2023\/12\/I31A2173-b-768x512.jpg 768w\" sizes=\"(max-width: 1400px) 100vw, 1400px\" \/>\t\t\t\t\t<\/a>\n\t\t\t<\/div>\n<\/div>\n<div class=\"qodef-e qodef-image-wrapper qodef-grid-item\">\n\t<div class=\"qodef-e-inner\">\n\t\t\t\t\t<a class=\"qodef-popup-item\" itemprop=\"image\" href=\"https:\/\/pictys.art\/wp-content\/uploads\/2023\/12\/I31A2170.jpg\" data-type=\"image\" data-fslightbox=\"gallery-584\" data-rel=\"lightbox-gallery-vdmmubmc\" data-rl_title=\"I31A2170\" data-rl_caption=\"Panique\" title=\"I31A2170\">\n\t\t\t\t\t<img decoding=\"async\" width=\"1400\" height=\"933\" src=\"https:\/\/pictys.art\/wp-content\/uploads\/2023\/12\/I31A2170.jpg\" class=\"attachment-full size-full\" alt=\"\" srcset=\"https:\/\/pictys.art\/wp-content\/uploads\/2023\/12\/I31A2170.jpg 1400w, https:\/\/pictys.art\/wp-content\/uploads\/2023\/12\/I31A2170-300x200.jpg 300w, https:\/\/pictys.art\/wp-content\/uploads\/2023\/12\/I31A2170-1024x682.jpg 1024w, https:\/\/pictys.art\/wp-content\/uploads\/2023\/12\/I31A2170-768x512.jpg 768w\" sizes=\"(max-width: 1400px) 100vw, 1400px\" \/>\t\t\t\t\t<\/a>\n\t\t\t<\/div>\n<\/div>\n<div class=\"qodef-e qodef-image-wrapper qodef-grid-item\">\n\t<div class=\"qodef-e-inner\">\n\t\t\t\t\t<a class=\"qodef-popup-item\" itemprop=\"image\" href=\"https:\/\/pictys.art\/wp-content\/uploads\/2023\/12\/I31A2169.jpg\" data-type=\"image\" data-fslightbox=\"gallery-584\" data-rel=\"lightbox-gallery-vdmmubmc\" data-rl_title=\"I31A2169\" data-rl_caption=\"Mise en ordre\" title=\"I31A2169\">\n\t\t\t\t\t<img decoding=\"async\" width=\"1400\" height=\"933\" src=\"https:\/\/pictys.art\/wp-content\/uploads\/2023\/12\/I31A2169.jpg\" class=\"attachment-full size-full\" alt=\"\" srcset=\"https:\/\/pictys.art\/wp-content\/uploads\/2023\/12\/I31A2169.jpg 1400w, https:\/\/pictys.art\/wp-content\/uploads\/2023\/12\/I31A2169-300x200.jpg 300w, https:\/\/pictys.art\/wp-content\/uploads\/2023\/12\/I31A2169-1024x682.jpg 1024w, https:\/\/pictys.art\/wp-content\/uploads\/2023\/12\/I31A2169-768x512.jpg 768w\" sizes=\"(max-width: 1400px) 100vw, 1400px\" \/>\t\t\t\t\t<\/a>\n\t\t\t<\/div>\n<\/div>\n<div class=\"qodef-e qodef-image-wrapper qodef-grid-item\">\n\t<div class=\"qodef-e-inner\">\n\t\t\t\t\t<a class=\"qodef-popup-item\" itemprop=\"image\" href=\"https:\/\/pictys.art\/wp-content\/uploads\/2023\/12\/I31A2166.jpg\" data-type=\"image\" data-fslightbox=\"gallery-584\" data-rel=\"lightbox-gallery-vdmmubmc\" data-rl_title=\"I31A2166\" data-rl_caption=\"Pas de halte au perchoir\" title=\"I31A2166\">\n\t\t\t\t\t<img loading=\"lazy\" decoding=\"async\" width=\"1400\" height=\"933\" src=\"https:\/\/pictys.art\/wp-content\/uploads\/2023\/12\/I31A2166.jpg\" class=\"attachment-full size-full\" alt=\"\" srcset=\"https:\/\/pictys.art\/wp-content\/uploads\/2023\/12\/I31A2166.jpg 1400w, https:\/\/pictys.art\/wp-content\/uploads\/2023\/12\/I31A2166-300x200.jpg 300w, https:\/\/pictys.art\/wp-content\/uploads\/2023\/12\/I31A2166-1024x682.jpg 1024w, https:\/\/pictys.art\/wp-content\/uploads\/2023\/12\/I31A2166-768x512.jpg 768w\" sizes=\"(max-width: 1400px) 100vw, 1400px\" \/>\t\t\t\t\t<\/a>\n\t\t\t<\/div>\n<\/div>\n<div class=\"qodef-e qodef-image-wrapper qodef-grid-item\">\n\t<div class=\"qodef-e-inner\">\n\t\t\t\t\t<a class=\"qodef-popup-item\" itemprop=\"image\" href=\"https:\/\/pictys.art\/wp-content\/uploads\/2023\/12\/I31A2165.jpg\" data-type=\"image\" data-fslightbox=\"gallery-584\" data-rel=\"lightbox-gallery-vdmmubmc\" data-rl_title=\"I31A2165\" data-rl_caption=\"H\u00e9sitations\" title=\"I31A2165\">\n\t\t\t\t\t<img loading=\"lazy\" decoding=\"async\" width=\"1400\" height=\"933\" src=\"https:\/\/pictys.art\/wp-content\/uploads\/2023\/12\/I31A2165.jpg\" class=\"attachment-full size-full\" alt=\"\" srcset=\"https:\/\/pictys.art\/wp-content\/uploads\/2023\/12\/I31A2165.jpg 1400w, https:\/\/pictys.art\/wp-content\/uploads\/2023\/12\/I31A2165-300x200.jpg 300w, https:\/\/pictys.art\/wp-content\/uploads\/2023\/12\/I31A2165-1024x682.jpg 1024w, https:\/\/pictys.art\/wp-content\/uploads\/2023\/12\/I31A2165-768x512.jpg 768w\" sizes=\"(max-width: 1400px) 100vw, 1400px\" \/>\t\t\t\t\t<\/a>\n\t\t\t<\/div>\n<\/div>\n<div class=\"qodef-e qodef-image-wrapper qodef-grid-item\">\n\t<div class=\"qodef-e-inner\">\n\t\t\t\t\t<a class=\"qodef-popup-item\" itemprop=\"image\" href=\"https:\/\/pictys.art\/wp-content\/uploads\/2023\/12\/I31A2163.jpg\" data-type=\"image\" data-fslightbox=\"gallery-584\" data-rel=\"lightbox-gallery-vdmmubmc\" data-rl_title=\"I31A2163\" data-rl_caption=\"Pause\" title=\"I31A2163\">\n\t\t\t\t\t<img loading=\"lazy\" decoding=\"async\" width=\"1400\" height=\"933\" src=\"https:\/\/pictys.art\/wp-content\/uploads\/2023\/12\/I31A2163.jpg\" class=\"attachment-full size-full\" alt=\"\" srcset=\"https:\/\/pictys.art\/wp-content\/uploads\/2023\/12\/I31A2163.jpg 1400w, https:\/\/pictys.art\/wp-content\/uploads\/2023\/12\/I31A2163-300x200.jpg 300w, https:\/\/pictys.art\/wp-content\/uploads\/2023\/12\/I31A2163-1024x682.jpg 1024w, https:\/\/pictys.art\/wp-content\/uploads\/2023\/12\/I31A2163-768x512.jpg 768w\" sizes=\"(max-width: 1400px) 100vw, 1400px\" \/>\t\t\t\t\t<\/a>\n\t\t\t<\/div>\n<\/div>\n<div class=\"qodef-e qodef-image-wrapper qodef-grid-item\">\n\t<div class=\"qodef-e-inner\">\n\t\t\t\t\t<a class=\"qodef-popup-item\" itemprop=\"image\" href=\"https:\/\/pictys.art\/wp-content\/uploads\/2023\/12\/I31A2128.jpg\" data-type=\"image\" data-fslightbox=\"gallery-584\" data-rel=\"lightbox-gallery-vdmmubmc\" data-rl_title=\"I31A2128\" data-rl_caption=\"Harmonie sur fond noir\" title=\"I31A2128\">\n\t\t\t\t\t<img loading=\"lazy\" decoding=\"async\" width=\"1400\" height=\"1050\" src=\"https:\/\/pictys.art\/wp-content\/uploads\/2023\/12\/I31A2128.jpg\" class=\"attachment-full size-full\" alt=\"\" srcset=\"https:\/\/pictys.art\/wp-content\/uploads\/2023\/12\/I31A2128.jpg 1400w, https:\/\/pictys.art\/wp-content\/uploads\/2023\/12\/I31A2128-300x225.jpg 300w, https:\/\/pictys.art\/wp-content\/uploads\/2023\/12\/I31A2128-1024x768.jpg 1024w, https:\/\/pictys.art\/wp-content\/uploads\/2023\/12\/I31A2128-768x576.jpg 768w\" sizes=\"(max-width: 1400px) 100vw, 1400px\" \/>\t\t\t\t\t<\/a>\n\t\t\t<\/div>\n<\/div>\n<div class=\"qodef-e qodef-image-wrapper qodef-grid-item\">\n\t<div class=\"qodef-e-inner\">\n\t\t\t\t\t<a class=\"qodef-popup-item\" itemprop=\"image\" href=\"https:\/\/pictys.art\/wp-content\/uploads\/2023\/12\/I31A1541.jpg\" data-type=\"image\" data-fslightbox=\"gallery-584\" data-rel=\"lightbox-gallery-vdmmubmc\" data-rl_title=\"I31A1541\" data-rl_caption=\"Oiseaux de papier\" title=\"I31A1541\">\n\t\t\t\t\t<img loading=\"lazy\" decoding=\"async\" width=\"1400\" height=\"933\" src=\"https:\/\/pictys.art\/wp-content\/uploads\/2023\/12\/I31A1541.jpg\" class=\"attachment-full size-full\" alt=\"\" srcset=\"https:\/\/pictys.art\/wp-content\/uploads\/2023\/12\/I31A1541.jpg 1400w, https:\/\/pictys.art\/wp-content\/uploads\/2023\/12\/I31A1541-300x200.jpg 300w, https:\/\/pictys.art\/wp-content\/uploads\/2023\/12\/I31A1541-1024x682.jpg 1024w, https:\/\/pictys.art\/wp-content\/uploads\/2023\/12\/I31A1541-768x512.jpg 768w\" sizes=\"(max-width: 1400px) 100vw, 1400px\" \/>\t\t\t\t\t<\/a>\n\t\t\t<\/div>\n<\/div>\n<div class=\"qodef-e qodef-image-wrapper qodef-grid-item\">\n\t<div class=\"qodef-e-inner\">\n\t\t\t\t\t<a class=\"qodef-popup-item\" itemprop=\"image\" href=\"https:\/\/pictys.art\/wp-content\/uploads\/2023\/12\/20220202_0005w1.jpg\" data-type=\"image\" data-fslightbox=\"gallery-584\" data-rel=\"lightbox-gallery-vdmmubmc\" data-rl_title=\"20220202_0005w1\" data-rl_caption=\"Distances d&#039;or\" title=\"20220202_0005w1\">\n\t\t\t\t\t<img loading=\"lazy\" decoding=\"async\" width=\"1400\" height=\"1400\" src=\"https:\/\/pictys.art\/wp-content\/uploads\/2023\/12\/20220202_0005w1.jpg\" class=\"attachment-full size-full\" alt=\"\" srcset=\"https:\/\/pictys.art\/wp-content\/uploads\/2023\/12\/20220202_0005w1.jpg 1400w, https:\/\/pictys.art\/wp-content\/uploads\/2023\/12\/20220202_0005w1-300x300.jpg 300w, https:\/\/pictys.art\/wp-content\/uploads\/2023\/12\/20220202_0005w1-1024x1024.jpg 1024w, https:\/\/pictys.art\/wp-content\/uploads\/2023\/12\/20220202_0005w1-150x150.jpg 150w, https:\/\/pictys.art\/wp-content\/uploads\/2023\/12\/20220202_0005w1-768x768.jpg 768w, https:\/\/pictys.art\/wp-content\/uploads\/2023\/12\/20220202_0005w1-650x650.jpg 650w, https:\/\/pictys.art\/wp-content\/uploads\/2023\/12\/20220202_0005w1-1300x1300.jpg 1300w\" sizes=\"(max-width: 1400px) 100vw, 1400px\" \/>\t\t\t\t\t<\/a>\n\t\t\t<\/div>\n<\/div>\n<div class=\"qodef-e qodef-image-wrapper qodef-grid-item\">\n\t<div class=\"qodef-e-inner\">\n\t\t\t\t\t<a class=\"qodef-popup-item\" itemprop=\"image\" href=\"https:\/\/pictys.art\/wp-content\/uploads\/2023\/12\/20220123_0106.jpg\" data-type=\"image\" data-fslightbox=\"gallery-584\" data-rel=\"lightbox-gallery-vdmmubmc\" data-rl_title=\"20220123_0106\" data-rl_caption=\"Nu\u00e9es en transition\" title=\"20220123_0106\">\n\t\t\t\t\t<img loading=\"lazy\" decoding=\"async\" width=\"1400\" height=\"933\" src=\"https:\/\/pictys.art\/wp-content\/uploads\/2023\/12\/20220123_0106.jpg\" class=\"attachment-full size-full\" alt=\"\" srcset=\"https:\/\/pictys.art\/wp-content\/uploads\/2023\/12\/20220123_0106.jpg 1400w, https:\/\/pictys.art\/wp-content\/uploads\/2023\/12\/20220123_0106-300x200.jpg 300w, https:\/\/pictys.art\/wp-content\/uploads\/2023\/12\/20220123_0106-1024x682.jpg 1024w, https:\/\/pictys.art\/wp-content\/uploads\/2023\/12\/20220123_0106-768x512.jpg 768w\" sizes=\"(max-width: 1400px) 100vw, 1400px\" \/>\t\t\t\t\t<\/a>\n\t\t\t<\/div>\n<\/div>\n<div class=\"qodef-e qodef-image-wrapper qodef-grid-item\">\n\t<div class=\"qodef-e-inner\">\n\t\t\t\t\t<a class=\"qodef-popup-item\" itemprop=\"image\" href=\"https:\/\/pictys.art\/wp-content\/uploads\/2023\/12\/20220123_0101_dt-fusuma-e.jpg\" data-type=\"image\" data-fslightbox=\"gallery-584\" data-rel=\"lightbox-gallery-vdmmubmc\" data-rl_title=\"20220123_0101_dt fusuma-e\" data-rl_caption=\"Nu\u00e9es en transition 2\" title=\"20220123_0101_dt fusuma-e\">\n\t\t\t\t\t<img loading=\"lazy\" decoding=\"async\" width=\"1400\" height=\"933\" src=\"https:\/\/pictys.art\/wp-content\/uploads\/2023\/12\/20220123_0101_dt-fusuma-e.jpg\" class=\"attachment-full size-full\" alt=\"\" srcset=\"https:\/\/pictys.art\/wp-content\/uploads\/2023\/12\/20220123_0101_dt-fusuma-e.jpg 1400w, https:\/\/pictys.art\/wp-content\/uploads\/2023\/12\/20220123_0101_dt-fusuma-e-300x200.jpg 300w, https:\/\/pictys.art\/wp-content\/uploads\/2023\/12\/20220123_0101_dt-fusuma-e-1024x682.jpg 1024w, https:\/\/pictys.art\/wp-content\/uploads\/2023\/12\/20220123_0101_dt-fusuma-e-768x512.jpg 768w\" sizes=\"(max-width: 1400px) 100vw, 1400px\" \/>\t\t\t\t\t<\/a>\n\t\t\t<\/div>\n<\/div>\n<div class=\"qodef-e qodef-image-wrapper qodef-grid-item\">\n\t<div class=\"qodef-e-inner\">\n\t\t\t\t\t<a class=\"qodef-popup-item\" itemprop=\"image\" href=\"https:\/\/pictys.art\/wp-content\/uploads\/2023\/12\/20220123_0099_cr.jpg\" data-type=\"image\" data-fslightbox=\"gallery-584\" data-rel=\"lightbox-gallery-vdmmubmc\" data-rl_title=\"20220123_0099_cr\" data-rl_caption=\"Arbre des mutations\" title=\"20220123_0099_cr\">\n\t\t\t\t\t<img loading=\"lazy\" decoding=\"async\" width=\"1400\" height=\"1400\" src=\"https:\/\/pictys.art\/wp-content\/uploads\/2023\/12\/20220123_0099_cr.jpg\" class=\"attachment-full size-full\" alt=\"\" srcset=\"https:\/\/pictys.art\/wp-content\/uploads\/2023\/12\/20220123_0099_cr.jpg 1400w, https:\/\/pictys.art\/wp-content\/uploads\/2023\/12\/20220123_0099_cr-300x300.jpg 300w, https:\/\/pictys.art\/wp-content\/uploads\/2023\/12\/20220123_0099_cr-1024x1024.jpg 1024w, https:\/\/pictys.art\/wp-content\/uploads\/2023\/12\/20220123_0099_cr-150x150.jpg 150w, https:\/\/pictys.art\/wp-content\/uploads\/2023\/12\/20220123_0099_cr-768x768.jpg 768w, https:\/\/pictys.art\/wp-content\/uploads\/2023\/12\/20220123_0099_cr-650x650.jpg 650w, https:\/\/pictys.art\/wp-content\/uploads\/2023\/12\/20220123_0099_cr-1300x1300.jpg 1300w\" sizes=\"(max-width: 1400px) 100vw, 1400px\" \/>\t\t\t\t\t<\/a>\n\t\t\t<\/div>\n<\/div>\n<div class=\"qodef-e qodef-image-wrapper qodef-grid-item\">\n\t<div class=\"qodef-e-inner\">\n\t\t\t\t\t<a class=\"qodef-popup-item\" itemprop=\"image\" href=\"https:\/\/pictys.art\/wp-content\/uploads\/2023\/12\/20220123_0099_06.jpg\" data-type=\"image\" data-fslightbox=\"gallery-584\" data-rel=\"lightbox-gallery-vdmmubmc\" data-rl_title=\"20220123_0099_06\" data-rl_caption=\"Nu\u00e9es en transition 3\" title=\"20220123_0099_06\">\n\t\t\t\t\t<img loading=\"lazy\" decoding=\"async\" width=\"1400\" height=\"933\" src=\"https:\/\/pictys.art\/wp-content\/uploads\/2023\/12\/20220123_0099_06.jpg\" class=\"attachment-full size-full\" alt=\"\" srcset=\"https:\/\/pictys.art\/wp-content\/uploads\/2023\/12\/20220123_0099_06.jpg 1400w, https:\/\/pictys.art\/wp-content\/uploads\/2023\/12\/20220123_0099_06-300x200.jpg 300w, https:\/\/pictys.art\/wp-content\/uploads\/2023\/12\/20220123_0099_06-1024x682.jpg 1024w, https:\/\/pictys.art\/wp-content\/uploads\/2023\/12\/20220123_0099_06-768x512.jpg 768w\" sizes=\"(max-width: 1400px) 100vw, 1400px\" \/>\t\t\t\t\t<\/a>\n\t\t\t<\/div>\n<\/div>\n<div class=\"qodef-e qodef-image-wrapper qodef-grid-item\">\n\t<div class=\"qodef-e-inner\">\n\t\t\t\t\t<a class=\"qodef-popup-item\" itemprop=\"image\" href=\"https:\/\/pictys.art\/wp-content\/uploads\/2023\/12\/JQ-Starlingx112.jpg\" data-type=\"image\" data-fslightbox=\"gallery-584\" data-rel=\"lightbox-gallery-vdmmubmc\" data-rl_title=\"JQ-Starlingx112\" data-rl_caption=\"\u00c9tourneaux, fusuma-e\" title=\"JQ-Starlingx112\">\n\t\t\t\t\t<img loading=\"lazy\" decoding=\"async\" width=\"1080\" height=\"1080\" src=\"https:\/\/pictys.art\/wp-content\/uploads\/2023\/12\/JQ-Starlingx112.jpg\" class=\"attachment-full size-full\" alt=\"\" srcset=\"https:\/\/pictys.art\/wp-content\/uploads\/2023\/12\/JQ-Starlingx112.jpg 1080w, https:\/\/pictys.art\/wp-content\/uploads\/2023\/12\/JQ-Starlingx112-300x300.jpg 300w, https:\/\/pictys.art\/wp-content\/uploads\/2023\/12\/JQ-Starlingx112-1024x1024.jpg 1024w, https:\/\/pictys.art\/wp-content\/uploads\/2023\/12\/JQ-Starlingx112-150x150.jpg 150w, https:\/\/pictys.art\/wp-content\/uploads\/2023\/12\/JQ-Starlingx112-768x768.jpg 768w, https:\/\/pictys.art\/wp-content\/uploads\/2023\/12\/JQ-Starlingx112-650x650.jpg 650w, https:\/\/pictys.art\/wp-content\/uploads\/2023\/12\/elementor\/thumbs\/JQ-Starlingx112-qgpiqsncsoiymab8p5zahtk5kf23r5ne7848quhmsg.jpg 400w, https:\/\/pictys.art\/wp-content\/uploads\/2023\/12\/elementor\/thumbs\/JQ-Starlingx112-qgpiqsnc6r4qta8dhpjpfs4z1qyafa1j9btno590rw.jpg 350w, https:\/\/pictys.art\/wp-content\/uploads\/2023\/12\/elementor\/thumbs\/JQ-Starlingx112-qgpiqsnchptups9t3frhysukb30737ugq9yy7hvbs6.jpg 375w\" sizes=\"(max-width: 1080px) 100vw, 1080px\" \/>\t\t\t\t\t<\/a>\n\t\t\t<\/div>\n<\/div>\n\t<\/div>\n<\/div>\n\t\t\t\t<\/div>\n\t\t\t\t<\/div>\n\t\t\t\t\t<\/div>\n\t\t\t\t<\/div>\n\t\t\t\t<\/div>\n\t\t","protected":false},"excerpt":{"rendered":"<p>Retour R\u00e9f\u00e9rence fusuma-e.Les panneaux peints coulissant des temples connus sous le nom de &#8220;fusuma&#8221; sont c\u00e9l\u00e8bres par leurs peintures stylis\u00e9es abondant en sc\u00e8nes de nature idylliques et fantasm\u00e9es.\u00a0 Bien que [&hellip;]<\/p>\n","protected":false},"author":1,"featured_media":0,"parent":0,"menu_order":35,"comment_status":"closed","ping_status":"closed","template":"","meta":{"site-sidebar-layout":"no-sidebar","site-content-layout":"page-builder","ast-site-content-layout":"full-width-container","site-content-style":"default","site-sidebar-style":"default","ast-global-header-display":"","ast-banner-title-visibility":"","ast-main-header-display":"","ast-hfb-above-header-display":"","ast-hfb-below-header-display":"","ast-hfb-mobile-header-display":"","site-post-title":"disabled","ast-breadcrumbs-content":"","ast-featured-img":"disabled","footer-sml-layout":"","ast-disable-related-posts":"","theme-transparent-header-meta":"","adv-header-id-meta":"","stick-header-meta":"","header-above-stick-meta":"","header-main-stick-meta":"","header-below-stick-meta":"","astra-migrate-meta-layouts":"set","ast-page-background-enabled":"default","ast-page-background-meta":{"desktop":{"background-color":"","background-image":"","background-repeat":"repeat","background-position":"center center","background-size":"auto","background-attachment":"scroll","background-type":"","background-media":"","overlay-type":"","overlay-color":"","overlay-opacity":"","overlay-gradient":""},"tablet":{"background-color":"","background-image":"","background-repeat":"repeat","background-position":"center center","background-size":"auto","background-attachment":"scroll","background-type":"","background-media":"","overlay-type":"","overlay-color":"","overlay-opacity":"","overlay-gradient":""},"mobile":{"background-color":"","background-image":"","background-repeat":"repeat","background-position":"center center","background-size":"auto","background-attachment":"scroll","background-type":"","background-media":"","overlay-type":"","overlay-color":"","overlay-opacity":"","overlay-gradient":""}},"ast-content-background-meta":{"desktop":{"background-color":"var(--ast-global-color-5)","background-image":"","background-repeat":"repeat","background-position":"center center","background-size":"auto","background-attachment":"scroll","background-type":"","background-media":"","overlay-type":"","overlay-color":"","overlay-opacity":"","overlay-gradient":""},"tablet":{"background-color":"var(--ast-global-color-5)","background-image":"","background-repeat":"repeat","background-position":"center center","background-size":"auto","background-attachment":"scroll","background-type":"","background-media":"","overlay-type":"","overlay-color":"","overlay-opacity":"","overlay-gradient":""},"mobile":{"background-color":"var(--ast-global-color-5)","background-image":"","background-repeat":"repeat","background-position":"center center","background-size":"auto","background-attachment":"scroll","background-type":"","background-media":"","overlay-type":"","overlay-color":"","overlay-opacity":"","overlay-gradient":""}},"footnotes":""},"folder":[],"class_list":["post-2547","page","type-page","status-publish","hentry"],"aioseo_notices":[],"_links":{"self":[{"href":"https:\/\/pictys.art\/index.php\/wp-json\/wp\/v2\/pages\/2547","targetHints":{"allow":["GET"]}}],"collection":[{"href":"https:\/\/pictys.art\/index.php\/wp-json\/wp\/v2\/pages"}],"about":[{"href":"https:\/\/pictys.art\/index.php\/wp-json\/wp\/v2\/types\/page"}],"author":[{"embeddable":true,"href":"https:\/\/pictys.art\/index.php\/wp-json\/wp\/v2\/users\/1"}],"replies":[{"embeddable":true,"href":"https:\/\/pictys.art\/index.php\/wp-json\/wp\/v2\/comments?post=2547"}],"version-history":[{"count":17,"href":"https:\/\/pictys.art\/index.php\/wp-json\/wp\/v2\/pages\/2547\/revisions"}],"predecessor-version":[{"id":3932,"href":"https:\/\/pictys.art\/index.php\/wp-json\/wp\/v2\/pages\/2547\/revisions\/3932"}],"wp:attachment":[{"href":"https:\/\/pictys.art\/index.php\/wp-json\/wp\/v2\/media?parent=2547"}],"wp:term":[{"taxonomy":"folder","embeddable":true,"href":"https:\/\/pictys.art\/index.php\/wp-json\/wp\/v2\/folder?post=2547"}],"curies":[{"name":"wp","href":"https:\/\/api.w.org\/{rel}","templated":true}]}}