{"id":2252,"date":"2024-01-01T15:13:34","date_gmt":"2024-01-01T14:13:34","guid":{"rendered":"https:\/\/pictys.art\/?page_id=2252"},"modified":"2024-03-25T22:37:55","modified_gmt":"2024-03-25T21:37:55","slug":"elementor-2252","status":"publish","type":"page","link":"https:\/\/pictys.art\/index.php\/elementor-2252\/","title":{"rendered":"Contact"},"content":{"rendered":"\t\t<div data-elementor-type=\"wp-page\" data-elementor-id=\"2252\" class=\"elementor elementor-2252\">\n\t\t\t\t<div class=\"elementor-element elementor-element-886e55c e-flex e-con-boxed e-con e-parent\" data-id=\"886e55c\" data-element_type=\"container\" data-e-type=\"container\">\n\t\t\t\t\t<div class=\"e-con-inner\">\n\t\t\t\t<div class=\"elementor-element elementor-element-d31fbe7 elementor-widget elementor-widget-text-editor\" data-id=\"d31fbe7\" data-element_type=\"widget\" data-e-type=\"widget\" data-widget_type=\"text-editor.default\">\n\t\t\t\t<div class=\"elementor-widget-container\">\n\t\t\t\t\t\t\t\t\t<h5>Contact\/Distribution<\/h5>\t\t\t\t\t\t\t\t<\/div>\n\t\t\t\t<\/div>\n\t\t\t\t\t<\/div>\n\t\t\t\t<\/div>\n\t\t<div class=\"elementor-element elementor-element-41199bb e-flex e-con-boxed e-con e-parent\" data-id=\"41199bb\" data-element_type=\"container\" data-e-type=\"container\">\n\t\t\t\t\t<div class=\"e-con-inner\">\n\t\t\t\t<div class=\"elementor-element elementor-element-aee0a9d elementor-widget elementor-widget-text-editor\" data-id=\"aee0a9d\" data-element_type=\"widget\" data-e-type=\"widget\" data-widget_type=\"text-editor.default\">\n\t\t\t\t<div class=\"elementor-widget-container\">\n\t\t\t\t\t\t\t\t\t<p>1. Les fichiers et l&#8217;ensemble des donn\u00e9es d\u00e9pos\u00e9s sur ce site sont soumis au droit d\u2019auteur et prot\u00e9g\u00e9s, sauf mention contraire explicite ci-apr\u00e8s, par les dispositions contenus dans les<a href=\"https:\/\/pictys.art\/index.php\/elementor-2306\/\"> mentions l\u00e9gales<\/a>.<br \/>Toutefois, dans leur format \u00ab web \u00bb (72 dpi, d\u00e9finition inf\u00e9rieure \u00e0 1400 pix sur le bord long) propos\u00e9 sur le site, ils peuvent \u00eatre utilis\u00e9s sans contrainte pour des expos\u00e9s ou des pr\u00e9sentations avec une simple mention de l\u2019auteur. Prendre contact \u00e0 l&#8217;adresse leintan1@gmail.com.<\/p><p><strong><em>2. Les fichiers originaux en pleine d\u00e9finition <\/em><\/strong>\u00e0 300 dpi en qualit\u00e9 compatible avec des tirages de grande taille peuvent \u00eatre obtenus sur demande aupr\u00e8s de l\u2019auteur qui se chargera de la diffusion non exclusive.<br \/>En pr\u00e9alable \u00e0 cette diffusion, par fichier, il sera demand\u00e9 de fournir une copie du re\u00e7u d\u2019un don d\u2019un montant minimum de 30 \u20ac \u00e0 une association ou organisation figurant dans la liste ci-apr\u00e8s :<\/p><p><a href=\"https:\/\/www.ligue-cancer.net\/\" target=\"_blank\" rel=\"noopener\"><strong>Ligue contre le cancer<\/strong><\/a><\/p><p><a href=\"https:\/\/www.gustaveroussy.fr\/\" target=\"_blank\" rel=\"noopener\"><strong>Institut Gustave Roussy<\/strong><\/a><br \/><strong><a href=\"https:\/\/www.pasteur.fr\/fr\" target=\"_blank\" rel=\"noopener\">Institut Pasteur<\/a><br \/><\/strong><a href=\"https:\/\/www.institutimagine.org\/fr\" target=\"_blank\" rel=\"noopener\"><strong>Institut Imagine<\/strong><\/a><\/p><p><strong><br \/>3<\/strong>. <strong><em>Pour toute utilisation commerciale<\/em><\/strong> des photos de ce site il est demand\u00e9 de prendre contact avec l\u2019auteur, au moyen du<strong> formulaire de contact ci-joint<\/strong>, en pr\u00e9cisant la r\u00e9f\u00e9rence du ou des fichiers et le type d\u2019exploitation envisag\u00e9. Une proposition de licence d\u2019exploitation sera transmise en retour.<\/p>\t\t\t\t\t\t\t\t<\/div>\n\t\t\t\t<\/div>\n\t\t\t\t\t<\/div>\n\t\t\t\t<\/div>\n\t\t\t\t<\/div>\n\t\t","protected":false},"excerpt":{"rendered":"<p>Contact\/Distribution 1. Les fichiers et l&#8217;ensemble des donn\u00e9es d\u00e9pos\u00e9s sur ce site sont soumis au droit d\u2019auteur et prot\u00e9g\u00e9s, sauf mention contraire explicite ci-apr\u00e8s, par les dispositions contenus dans les [&hellip;]<\/p>\n","protected":false},"author":1,"featured_media":0,"parent":0,"menu_order":8,"comment_status":"closed","ping_status":"closed","template":"","meta":{"site-sidebar-layout":"no-sidebar","site-content-layout":"page-builder","ast-site-content-layout":"full-width-container","site-content-style":"default","site-sidebar-style":"default","ast-global-header-display":"","ast-banner-title-visibility":"","ast-main-header-display":"","ast-hfb-above-header-display":"","ast-hfb-below-header-display":"","ast-hfb-mobile-header-display":"","site-post-title":"disabled","ast-breadcrumbs-content":"","ast-featured-img":"disabled","footer-sml-layout":"","ast-disable-related-posts":"","theme-transparent-header-meta":"","adv-header-id-meta":"","stick-header-meta":"","header-above-stick-meta":"","header-main-stick-meta":"","header-below-stick-meta":"","astra-migrate-meta-layouts":"set","ast-page-background-enabled":"default","ast-page-background-meta":{"desktop":{"background-color":"","background-image":"","background-repeat":"repeat","background-position":"center center","background-size":"auto","background-attachment":"scroll","background-type":"","background-media":"","overlay-type":"","overlay-color":"","overlay-opacity":"","overlay-gradient":""},"tablet":{"background-color":"","background-image":"","background-repeat":"repeat","background-position":"center center","background-size":"auto","background-attachment":"scroll","background-type":"","background-media":"","overlay-type":"","overlay-color":"","overlay-opacity":"","overlay-gradient":""},"mobile":{"background-color":"","background-image":"","background-repeat":"repeat","background-position":"center center","background-size":"auto","background-attachment":"scroll","background-type":"","background-media":"","overlay-type":"","overlay-color":"","overlay-opacity":"","overlay-gradient":""}},"ast-content-background-meta":{"desktop":{"background-color":"var(--ast-global-color-5)","background-image":"","background-repeat":"repeat","background-position":"center center","background-size":"auto","background-attachment":"scroll","background-type":"","background-media":"","overlay-type":"","overlay-color":"","overlay-opacity":"","overlay-gradient":""},"tablet":{"background-color":"var(--ast-global-color-5)","background-image":"","background-repeat":"repeat","background-position":"center center","background-size":"auto","background-attachment":"scroll","background-type":"","background-media":"","overlay-type":"","overlay-color":"","overlay-opacity":"","overlay-gradient":""},"mobile":{"background-color":"var(--ast-global-color-5)","background-image":"","background-repeat":"repeat","background-position":"center center","background-size":"auto","background-attachment":"scroll","background-type":"","background-media":"","overlay-type":"","overlay-color":"","overlay-opacity":"","overlay-gradient":""}},"footnotes":""},"folder":[],"class_list":["post-2252","page","type-page","status-publish","hentry"],"aioseo_notices":[],"_links":{"self":[{"href":"https:\/\/pictys.art\/index.php\/wp-json\/wp\/v2\/pages\/2252","targetHints":{"allow":["GET"]}}],"collection":[{"href":"https:\/\/pictys.art\/index.php\/wp-json\/wp\/v2\/pages"}],"about":[{"href":"https:\/\/pictys.art\/index.php\/wp-json\/wp\/v2\/types\/page"}],"author":[{"embeddable":true,"href":"https:\/\/pictys.art\/index.php\/wp-json\/wp\/v2\/users\/1"}],"replies":[{"embeddable":true,"href":"https:\/\/pictys.art\/index.php\/wp-json\/wp\/v2\/comments?post=2252"}],"version-history":[{"count":18,"href":"https:\/\/pictys.art\/index.php\/wp-json\/wp\/v2\/pages\/2252\/revisions"}],"predecessor-version":[{"id":2323,"href":"https:\/\/pictys.art\/index.php\/wp-json\/wp\/v2\/pages\/2252\/revisions\/2323"}],"wp:attachment":[{"href":"https:\/\/pictys.art\/index.php\/wp-json\/wp\/v2\/media?parent=2252"}],"wp:term":[{"taxonomy":"folder","embeddable":true,"href":"https:\/\/pictys.art\/index.php\/wp-json\/wp\/v2\/folder?post=2252"}],"curies":[{"name":"wp","href":"https:\/\/api.w.org\/{rel}","templated":true}]}}