{"id":2146,"date":"2023-12-31T13:40:46","date_gmt":"2023-12-31T12:40:46","guid":{"rendered":"https:\/\/pictys.art\/?page_id=2146"},"modified":"2024-08-11T16:32:53","modified_gmt":"2024-08-11T14:32:53","slug":"elementor-2146","status":"publish","type":"page","link":"https:\/\/pictys.art\/index.php\/elementor-2146\/","title":{"rendered":"Mosaique \u00e9tourneaux"},"content":{"rendered":"\t\t<div data-elementor-type=\"wp-page\" data-elementor-id=\"2146\" class=\"elementor elementor-2146\">\n\t\t\t\t<div class=\"elementor-element elementor-element-bccbffe e-flex e-con-boxed e-con e-parent\" data-id=\"bccbffe\" data-element_type=\"container\" data-e-type=\"container\">\n\t\t\t\t\t<div class=\"e-con-inner\">\n\t\t\t\t<div class=\"elementor-element elementor-element-7aef162 elementor-widget elementor-widget-button\" data-id=\"7aef162\" data-element_type=\"widget\" data-e-type=\"widget\" id=\"RETOUR\" data-widget_type=\"button.default\">\n\t\t\t\t<div class=\"elementor-widget-container\">\n\t\t\t\t\t\t\t\t\t<div class=\"elementor-button-wrapper\">\n\t\t\t\t\t<a class=\"elementor-button elementor-button-link elementor-size-md\" href=\"#\">\n\t\t\t\t\t\t<span class=\"elementor-button-content-wrapper\">\n\t\t\t\t\t\t<span class=\"elementor-button-icon\">\n\t\t\t\t<svg aria-hidden=\"true\" class=\"e-font-icon-svg e-far-caret-square-up\" viewBox=\"0 0 448 512\" xmlns=\"http:\/\/www.w3.org\/2000\/svg\"><path d=\"M322.9 304H125.1c-10.7 0-16.1-13-8.5-20.5l98.9-98.3c4.7-4.7 12.2-4.7 16.9 0l98.9 98.3c7.7 7.5 2.3 20.5-8.4 20.5zM448 80v352c0 26.5-21.5 48-48 48H48c-26.5 0-48-21.5-48-48V80c0-26.5 21.5-48 48-48h352c26.5 0 48 21.5 48 48zm-48 346V86c0-3.3-2.7-6-6-6H54c-3.3 0-6 2.7-6 6v340c0 3.3 2.7 6 6 6h340c3.3 0 6-2.7 6-6z\"><\/path><\/svg>\t\t\t<\/span>\n\t\t\t\t\t\t\t\t\t<span class=\"elementor-button-text\">Retour<\/span>\n\t\t\t\t\t<\/span>\n\t\t\t\t\t<\/a>\n\t\t\t\t<\/div>\n\t\t\t\t\t\t\t\t<\/div>\n\t\t\t\t<\/div>\n\t\t\t\t<div class=\"elementor-element elementor-element-81b5476 elementor-widget elementor-widget-html\" data-id=\"81b5476\" data-element_type=\"widget\" data-e-type=\"widget\" data-widget_type=\"html.default\">\n\t\t\t\t<div class=\"elementor-widget-container\">\n\t\t\t\t\t<script type=\"text\/javascript\"> \n \njQuery(document).ready(function() {\n    jQuery('#RETOUR').on('click', function() {\n      window.history.go(-1); \n      return false;\n    });\n});\n \n<\/script>\t\t\t\t<\/div>\n\t\t\t\t<\/div>\n\t\t\t\t\t<\/div>\n\t\t\t\t<\/div>\n\t\t<div class=\"elementor-element elementor-element-384e953 e-flex e-con-boxed e-con e-parent\" data-id=\"384e953\" data-element_type=\"container\" data-e-type=\"container\">\n\t\t\t\t\t<div class=\"e-con-inner\">\n\t\t\t\t<div class=\"elementor-element elementor-element-60a5998 elementor-widget elementor-widget-text-editor\" data-id=\"60a5998\" data-element_type=\"widget\" data-e-type=\"widget\" data-widget_type=\"text-editor.default\">\n\t\t\t\t<div class=\"elementor-widget-container\">\n\t\t\t\t\t\t\t\t\t<p><strong>Galeries d\u00e9di\u00e9es aux fantaisies offertes par les \u00e9tourneaux sansonnets en vol ou perch\u00e9s.<\/strong><\/p><p>Cette s\u00e9rie de photographies d\u2019\u00e9tourneaux a \u00e9t\u00e9 rendue possible par une longue observation des extraordinaires ballets au-dessus des toits et des arbres de la seule ferme du village o\u00f9 j\u2019habite, \u00e0 proximit\u00e9 de la ville de Brest en Bretagne. Durant l\u2019hiver, chaque jour en fin d\u2019apr\u00e8s-midi, d\u2019\u00e9tranges ballets prennent place, toujours apparemment d\u00e9sordonn\u00e9s et pourtant parfaitement coordonn\u00e9s. Toujours semblables, jamais identiques. Ce comportement est connu sous le nom de \u00ab\u00a0murmuration\u00a0\u00bb d\u2019\u00e9tourneaux, probablement \u00e0 cause du bruissement des ailes quand ils volent \u00e0 proximit\u00e9 des observateurs.<br \/>Les \u00e9tourneaux sont des animaux sociaux qui cultivent leurs habitudes (comme les humains. J\u2019ai un ami photographe qui pour photographier les vagues s\u2019installait toujours sur le m\u00eame rocher, ann\u00e9e apr\u00e8s ann\u00e9e, et \u00e7a conserve\u00a0!).<br \/>Les \u00e9tourneaux appr\u00e9cient leurs lieux de nourrissage favoris et y reviennent quotidiennement. Dans le cas pr\u00e9sent, il s\u2019agit d\u2019un bosquet d\u2019arbres en bordure d\u2019une exploitation agricole. Le garde-manger est \u00e0 proximit\u00e9 et le front d\u2019attaque du silo d\u2019ensilage de ma\u00efs est parfait pour cet usage.\u00a0 Peu avant la tomb\u00e9e de la nuit, les nu\u00e9es d\u2019\u00e9tourneaux s\u2019installent dans les arbres du voisinage et ils commencent leur \u00e9tourdissante noria entre leurs perchoirs et le silo de ma\u00efs, au grand dam du fermier. Et quand l\u2019heure du d\u00e9part arrive, tout ce monde s\u2019envole en m\u00eame temps. Retour sur terre. Le fermier exc\u00e9d\u00e9 a coup\u00e9 les arbres. Et les sc\u00e8nes photographi\u00e9es en ce lieu appartiennent au pass\u00e9.<\/p>\t\t\t\t\t\t\t\t<\/div>\n\t\t\t\t<\/div>\n\t\t\t\t\t<\/div>\n\t\t\t\t<\/div>\n\t\t<div class=\"elementor-element elementor-element-2e35dc4 e-grid e-con-boxed e-con e-parent\" data-id=\"2e35dc4\" data-element_type=\"container\" data-e-type=\"container\">\n\t\t\t\t\t<div class=\"e-con-inner\">\n\t\t\t\t<div class=\"elementor-element elementor-element-b85f8ba elementor-widget elementor-widget-image\" data-id=\"b85f8ba\" data-element_type=\"widget\" data-e-type=\"widget\" data-widget_type=\"image.default\">\n\t\t\t\t<div class=\"elementor-widget-container\">\n\t\t\t\t\t\t\t\t\t\t\t\t<figure class=\"wp-caption\">\n\t\t\t\t\t\t\t\t\t\t\t<a href=\"https:\/\/pictys.art\/index.php\/elementor-2592\/\">\n\t\t\t\t\t\t\t<img fetchpriority=\"high\" decoding=\"async\" width=\"300\" height=\"300\" src=\"https:\/\/pictys.art\/wp-content\/uploads\/2024\/01\/Pos-7-300x300.jpg\" class=\"attachment-medium size-medium wp-image-2568\" alt=\"\" srcset=\"https:\/\/pictys.art\/wp-content\/uploads\/2024\/01\/Pos-7-300x300.jpg 300w, https:\/\/pictys.art\/wp-content\/uploads\/2024\/01\/Pos-7-1024x1024.jpg 1024w, https:\/\/pictys.art\/wp-content\/uploads\/2024\/01\/Pos-7-150x150.jpg 150w, https:\/\/pictys.art\/wp-content\/uploads\/2024\/01\/Pos-7-768x768.jpg 768w, https:\/\/pictys.art\/wp-content\/uploads\/2024\/01\/Pos-7-650x650.jpg 650w, https:\/\/pictys.art\/wp-content\/uploads\/2024\/01\/Pos-7-1300x1300.jpg 1300w, https:\/\/pictys.art\/wp-content\/uploads\/2024\/01\/Pos-7.jpg 1400w\" sizes=\"(max-width: 300px) 100vw, 300px\" \/>\t\t\t\t\t\t\t\t<\/a>\n\t\t\t\t\t\t\t\t\t\t\t<figcaption class=\"widget-image-caption wp-caption-text\">Nu\u00e9es d'\u00e9tourneaux<\/figcaption>\n\t\t\t\t\t\t\t\t\t\t<\/figure>\n\t\t\t\t\t\t\t\t\t<\/div>\n\t\t\t\t<\/div>\n\t\t\t\t<div class=\"elementor-element elementor-element-b4dbcee elementor-widget elementor-widget-image\" data-id=\"b4dbcee\" data-element_type=\"widget\" data-e-type=\"widget\" data-widget_type=\"image.default\">\n\t\t\t\t<div class=\"elementor-widget-container\">\n\t\t\t\t\t\t\t\t\t\t\t\t<figure class=\"wp-caption\">\n\t\t\t\t\t\t\t\t\t\t\t<a href=\"https:\/\/pictys.art\/index.php\/elementor-2167\/\">\n\t\t\t\t\t\t\t<img decoding=\"async\" width=\"300\" height=\"300\" src=\"https:\/\/pictys.art\/wp-content\/uploads\/2023\/12\/MG_0259_cr-300x300.jpg\" class=\"attachment-medium size-medium wp-image-2028\" alt=\"\" srcset=\"https:\/\/pictys.art\/wp-content\/uploads\/2023\/12\/MG_0259_cr-300x300.jpg 300w, https:\/\/pictys.art\/wp-content\/uploads\/2023\/12\/MG_0259_cr-1024x1024.jpg 1024w, https:\/\/pictys.art\/wp-content\/uploads\/2023\/12\/MG_0259_cr-150x150.jpg 150w, https:\/\/pictys.art\/wp-content\/uploads\/2023\/12\/MG_0259_cr-768x768.jpg 768w, https:\/\/pictys.art\/wp-content\/uploads\/2023\/12\/MG_0259_cr-650x650.jpg 650w, https:\/\/pictys.art\/wp-content\/uploads\/2023\/12\/MG_0259_cr-1300x1300.jpg 1300w, https:\/\/pictys.art\/wp-content\/uploads\/2023\/12\/MG_0259_cr.jpg 1400w\" sizes=\"(max-width: 300px) 100vw, 300px\" \/>\t\t\t\t\t\t\t\t<\/a>\n\t\t\t\t\t\t\t\t\t\t\t<figcaption class=\"widget-image-caption wp-caption-text\">Etourneaux Blanc &amp; Noir<\/figcaption>\n\t\t\t\t\t\t\t\t\t\t<\/figure>\n\t\t\t\t\t\t\t\t\t<\/div>\n\t\t\t\t<\/div>\n\t\t\t\t<div class=\"elementor-element elementor-element-0c52280 elementor-widget elementor-widget-image\" data-id=\"0c52280\" data-element_type=\"widget\" data-e-type=\"widget\" data-widget_type=\"image.default\">\n\t\t\t\t<div class=\"elementor-widget-container\">\n\t\t\t\t\t\t\t\t\t\t\t\t<figure class=\"wp-caption\">\n\t\t\t\t\t\t\t\t\t\t\t<a href=\"https:\/\/pictys.art\/index.php\/elementor-2547\/\">\n\t\t\t\t\t\t\t<img decoding=\"async\" width=\"300\" height=\"300\" src=\"https:\/\/pictys.art\/wp-content\/uploads\/2023\/12\/20220202_0005w1-300x300.jpg\" class=\"attachment-medium size-medium wp-image-1969\" alt=\"\" srcset=\"https:\/\/pictys.art\/wp-content\/uploads\/2023\/12\/20220202_0005w1-300x300.jpg 300w, https:\/\/pictys.art\/wp-content\/uploads\/2023\/12\/20220202_0005w1-1024x1024.jpg 1024w, https:\/\/pictys.art\/wp-content\/uploads\/2023\/12\/20220202_0005w1-150x150.jpg 150w, https:\/\/pictys.art\/wp-content\/uploads\/2023\/12\/20220202_0005w1-768x768.jpg 768w, https:\/\/pictys.art\/wp-content\/uploads\/2023\/12\/20220202_0005w1-650x650.jpg 650w, https:\/\/pictys.art\/wp-content\/uploads\/2023\/12\/20220202_0005w1-1300x1300.jpg 1300w, https:\/\/pictys.art\/wp-content\/uploads\/2023\/12\/20220202_0005w1.jpg 1400w\" sizes=\"(max-width: 300px) 100vw, 300px\" \/>\t\t\t\t\t\t\t\t<\/a>\n\t\t\t\t\t\t\t\t\t\t\t<figcaption class=\"widget-image-caption wp-caption-text\">Etourneaux - Fusuma-e<\/figcaption>\n\t\t\t\t\t\t\t\t\t\t<\/figure>\n\t\t\t\t\t\t\t\t\t<\/div>\n\t\t\t\t<\/div>\n\t\t\t\t<div class=\"elementor-element elementor-element-31dc3aa elementor-widget elementor-widget-image\" data-id=\"31dc3aa\" data-element_type=\"widget\" data-e-type=\"widget\" data-widget_type=\"image.default\">\n\t\t\t\t<div class=\"elementor-widget-container\">\n\t\t\t\t\t\t\t\t\t\t\t\t<figure class=\"wp-caption\">\n\t\t\t\t\t\t\t\t\t\t\t<a href=\"https:\/\/pictys.art\/index.php\/elementor-2213\/\">\n\t\t\t\t\t\t\t<img loading=\"lazy\" decoding=\"async\" width=\"300\" height=\"300\" src=\"https:\/\/pictys.art\/wp-content\/uploads\/2023\/12\/I31A1549-300x300.jpg\" class=\"attachment-medium size-medium wp-image-1987\" alt=\"\" srcset=\"https:\/\/pictys.art\/wp-content\/uploads\/2023\/12\/I31A1549-300x300.jpg 300w, https:\/\/pictys.art\/wp-content\/uploads\/2023\/12\/I31A1549-1024x1024.jpg 1024w, https:\/\/pictys.art\/wp-content\/uploads\/2023\/12\/I31A1549-150x150.jpg 150w, https:\/\/pictys.art\/wp-content\/uploads\/2023\/12\/I31A1549-768x768.jpg 768w, https:\/\/pictys.art\/wp-content\/uploads\/2023\/12\/I31A1549-650x650.jpg 650w, https:\/\/pictys.art\/wp-content\/uploads\/2023\/12\/I31A1549-1300x1300.jpg 1300w, https:\/\/pictys.art\/wp-content\/uploads\/2023\/12\/I31A1549.jpg 1400w\" sizes=\"(max-width: 300px) 100vw, 300px\" \/>\t\t\t\t\t\t\t\t<\/a>\n\t\t\t\t\t\t\t\t\t\t\t<figcaption class=\"widget-image-caption wp-caption-text\">Etourneaux - Nuances de gris<\/figcaption>\n\t\t\t\t\t\t\t\t\t\t<\/figure>\n\t\t\t\t\t\t\t\t\t<\/div>\n\t\t\t\t<\/div>\n\t\t\t\t<div class=\"elementor-element elementor-element-a913ed3 elementor-widget__width-initial elementor-widget elementor-widget-image\" data-id=\"a913ed3\" data-element_type=\"widget\" data-e-type=\"widget\" data-widget_type=\"image.default\">\n\t\t\t\t<div class=\"elementor-widget-container\">\n\t\t\t\t\t\t\t\t\t\t\t\t<figure class=\"wp-caption\">\n\t\t\t\t\t\t\t\t\t\t\t<a href=\"https:\/\/pictys.art\/index.php\/elementor-2202\/\">\n\t\t\t\t\t\t\t<img decoding=\"async\" src=\"https:\/\/pictys.art\/wp-content\/uploads\/elementor\/thumbs\/I31A2428-qhma0ds48kw3yu11d081h9ls3smiz4u932p394w6jw.jpg\" title=\"I31A2428\" alt=\"I31A2428\" loading=\"lazy\" \/>\t\t\t\t\t\t\t\t<\/a>\n\t\t\t\t\t\t\t\t\t\t\t<figcaption class=\"widget-image-caption wp-caption-text\">Etourneaux Blanc &amp;  Couleurs<\/figcaption>\n\t\t\t\t\t\t\t\t\t\t<\/figure>\n\t\t\t\t\t\t\t\t\t<\/div>\n\t\t\t\t<\/div>\n\t\t\t\t\t<\/div>\n\t\t\t\t<\/div>\n\t\t<div class=\"elementor-element elementor-element-75d6975 e-flex e-con-boxed e-con e-parent\" data-id=\"75d6975\" data-element_type=\"container\" data-e-type=\"container\">\n\t\t\t\t\t<div class=\"e-con-inner\">\n\t\t\t\t<div class=\"elementor-element elementor-element-8d92dbd elementor-widget elementor-widget-text-editor\" data-id=\"8d92dbd\" data-element_type=\"widget\" data-e-type=\"widget\" data-widget_type=\"text-editor.default\">\n\t\t\t\t<div class=\"elementor-widget-container\">\n\t\t\t\t\t\t\t\t\t<p><strong>Un peu de technique.<\/strong><br \/>Capturer l\u2019\u00e9tonnante magie que d\u00e9gagent ces ballets en photographie animali\u00e8re traditionnelle n\u2019est pas chose ais\u00e9e lorsque la r\u00e8gle retenue est celle de fonder son approche du post-traitement sur la base des fichiers au format .jpg d\u00e9livr\u00e9s par les boitiers des appareils photos num\u00e9riques. Le fil conducteur de cette s\u00e9rie a \u00e9t\u00e9 de rechercher diff\u00e9rentes interpr\u00e9tations des fichiers bruts (au format CR2 et CR3 de Canon) qui sugg\u00e8rent au spectateur autant que faire se peut, la magie de ces spectacles anim\u00e9s. A aucun moment il n\u2019a \u00e9t\u00e9 fait appel au logiciel Photoshop. L\u2019outil privil\u00e9gi\u00e9 a \u00e9t\u00e9 <a href=\"https:\/\/www.darktable.org\/\" target=\"_blank\" rel=\"noopener\">darktable<\/a>, une application \u00ab\u00a0opensource\u00a0\u00bb ou libre utilis\u00e9e de mani\u00e8re plus ou moins orthodoxe, en tirant profit du fait que certains des modules de traitement des tonalit\u00e9s et des couleurs ne sont pas strictement \u00ab\u00a0born\u00e9s\u00a0\u00bb et permettent d\u2019obtenir des valeurs num\u00e9riques n\u00e9gatives et par la m\u00eame des effets int\u00e9ressants.<\/p><p>Le rendu de certaines photos n\u2019est pas n\u00e9cessairement \u00e9vident et pas davantage naturel, au sens de repr\u00e9sentation de la sc\u00e8ne vue par un observateur humain. Ceci n\u2019est d\u2019ailleurs pas le but. Celui-ci peut d\u2019ailleurs varier selon les propri\u00e9t\u00e9s des fichiers originaux. Cela peut \u00eatre la recherche d\u2019un rendu qui sugg\u00e8re une parent\u00e9 avec la peinture classique japonaise sur les panneaux coulissant des temples (fusuma-e), ou d\u2019autres interpr\u00e9tations plus radicales comme les \u00ab\u00a0blancs et noirs\u00a0\u00bb absolus dont l\u2019apparence est n\u00e9anmoins tr\u00e8s diff\u00e9rente des images produites par l\u2019application de la valeur 2 d\u2019isoh\u00e9lie dans l\u2019application photoshop. Ces interpr\u00e9tations radicales ont pour objet d\u2019\u00e9purer l\u2019image de tout ce qui n\u2019est pas essentiel pour sa lecture. Le choix du blanc et noir est li\u00e9 au fait que notre \u00e9ducation de la lecture d\u2019images, outre les r\u00e8gles de composition traditionnelles et de placement des points singuliers de l\u2019image, entraine d\u2019abord le regard vers le blanc. Et un vol d\u2019\u00e9tourneaux en positif se voit comme un nuage de points noirs sur fond clair ou toute accroche est difficile sauf s\u2019il existe d\u2019autres structures (arbres notamment). A l\u2019inverse, les points blancs se d\u00e9tachent sur fond noir et interpellent. La combinaison de ces contraintes nous a conduit \u00e0 des interpr\u00e9tations minimalistes qui ne sont pas contradictoires avec certaines valeurs esth\u00e9tiques japonaises.<\/p><p>Les murmurations d\u2019\u00e9tourneaux sont si spectaculaires qu\u2019elles ont \u00e9t\u00e9 l\u2019objet de nombreuses s\u00e9ries photographiques et de nombreuses vid\u00e9os. D\u2019o\u00f9 leur extr\u00eame abondance sur le web.<br \/>Les ballets a\u00e9riens anim\u00e9s des \u00e9tourneaux sont mieux rendus par la vid\u00e9o que par la photographie dans la mesure o\u00f9 les transitions de forme des nu\u00e9es requi\u00e8rent l\u2019image anim\u00e9e. Par contre, la magie propre aux sc\u00e8nes fugaces d\u2019interactions entre des structures au sol et les oiseaux sont bien mieux rendues par la photo. C\u2019est ce \u00e0 quoi s\u2019est attel\u00e9 ce projet. <br \/>On pourra aussi consulter les sites suivant\u00a0:<br \/>&#8211; Soren <a href=\"https:\/\/www.sorensolkaer.com\/\" target=\"_blank\" rel=\"noopener\">Solkaer<\/a>,<br \/>&#8211; Rinko <a href=\"https:\/\/rinkokawauchi.com\/en\/\" target=\"_blank\" rel=\"noopener\">Kawauchi<\/a>, <br \/>&#8211; Alan <a href=\"https:\/\/www.alanmackenziephotography.com\/\" target=\"_blank\" rel=\"noopener\">MacKenzie<\/a>,<br \/>&#8211; James <a href=\"https:\/\/www.jamescrombie.ie\/\" target=\"_blank\" rel=\"noopener\">Crombie<\/a>.<\/p>\t\t\t\t\t\t\t\t<\/div>\n\t\t\t\t<\/div>\n\t\t\t\t\t<\/div>\n\t\t\t\t<\/div>\n\t\t\t\t<\/div>\n\t\t","protected":false},"excerpt":{"rendered":"<p>Retour Galeries d\u00e9di\u00e9es aux fantaisies offertes par les \u00e9tourneaux sansonnets en vol ou perch\u00e9s. Cette s\u00e9rie de photographies d\u2019\u00e9tourneaux a \u00e9t\u00e9 rendue possible par une longue observation des extraordinaires ballets [&hellip;]<\/p>\n","protected":false},"author":1,"featured_media":0,"parent":0,"menu_order":33,"comment_status":"closed","ping_status":"closed","template":"","meta":{"site-sidebar-layout":"no-sidebar","site-content-layout":"page-builder","ast-site-content-layout":"full-width-container","site-content-style":"default","site-sidebar-style":"default","ast-global-header-display":"","ast-banner-title-visibility":"","ast-main-header-display":"","ast-hfb-above-header-display":"","ast-hfb-below-header-display":"","ast-hfb-mobile-header-display":"","site-post-title":"disabled","ast-breadcrumbs-content":"","ast-featured-img":"disabled","footer-sml-layout":"","ast-disable-related-posts":"","theme-transparent-header-meta":"","adv-header-id-meta":"","stick-header-meta":"","header-above-stick-meta":"","header-main-stick-meta":"","header-below-stick-meta":"","astra-migrate-meta-layouts":"set","ast-page-background-enabled":"default","ast-page-background-meta":{"desktop":{"background-color":"","background-image":"","background-repeat":"repeat","background-position":"center center","background-size":"auto","background-attachment":"scroll","background-type":"","background-media":"","overlay-type":"","overlay-color":"","overlay-opacity":"","overlay-gradient":""},"tablet":{"background-color":"","background-image":"","background-repeat":"repeat","background-position":"center center","background-size":"auto","background-attachment":"scroll","background-type":"","background-media":"","overlay-type":"","overlay-color":"","overlay-opacity":"","overlay-gradient":""},"mobile":{"background-color":"","background-image":"","background-repeat":"repeat","background-position":"center center","background-size":"auto","background-attachment":"scroll","background-type":"","background-media":"","overlay-type":"","overlay-color":"","overlay-opacity":"","overlay-gradient":""}},"ast-content-background-meta":{"desktop":{"background-color":"var(--ast-global-color-5)","background-image":"","background-repeat":"repeat","background-position":"center center","background-size":"auto","background-attachment":"scroll","background-type":"","background-media":"","overlay-type":"","overlay-color":"","overlay-opacity":"","overlay-gradient":""},"tablet":{"background-color":"var(--ast-global-color-5)","background-image":"","background-repeat":"repeat","background-position":"center center","background-size":"auto","background-attachment":"scroll","background-type":"","background-media":"","overlay-type":"","overlay-color":"","overlay-opacity":"","overlay-gradient":""},"mobile":{"background-color":"var(--ast-global-color-5)","background-image":"","background-repeat":"repeat","background-position":"center center","background-size":"auto","background-attachment":"scroll","background-type":"","background-media":"","overlay-type":"","overlay-color":"","overlay-opacity":"","overlay-gradient":""}},"footnotes":""},"folder":[],"class_list":["post-2146","page","type-page","status-publish","hentry"],"aioseo_notices":[],"_links":{"self":[{"href":"https:\/\/pictys.art\/index.php\/wp-json\/wp\/v2\/pages\/2146","targetHints":{"allow":["GET"]}}],"collection":[{"href":"https:\/\/pictys.art\/index.php\/wp-json\/wp\/v2\/pages"}],"about":[{"href":"https:\/\/pictys.art\/index.php\/wp-json\/wp\/v2\/types\/page"}],"author":[{"embeddable":true,"href":"https:\/\/pictys.art\/index.php\/wp-json\/wp\/v2\/users\/1"}],"replies":[{"embeddable":true,"href":"https:\/\/pictys.art\/index.php\/wp-json\/wp\/v2\/comments?post=2146"}],"version-history":[{"count":56,"href":"https:\/\/pictys.art\/index.php\/wp-json\/wp\/v2\/pages\/2146\/revisions"}],"predecessor-version":[{"id":4978,"href":"https:\/\/pictys.art\/index.php\/wp-json\/wp\/v2\/pages\/2146\/revisions\/4978"}],"wp:attachment":[{"href":"https:\/\/pictys.art\/index.php\/wp-json\/wp\/v2\/media?parent=2146"}],"wp:term":[{"taxonomy":"folder","embeddable":true,"href":"https:\/\/pictys.art\/index.php\/wp-json\/wp\/v2\/folder?post=2146"}],"curies":[{"name":"wp","href":"https:\/\/api.w.org\/{rel}","templated":true}]}}