{"id":1782,"date":"2023-12-27T15:55:44","date_gmt":"2023-12-27T14:55:44","guid":{"rendered":"https:\/\/pictys.art\/?page_id=1782"},"modified":"2024-03-25T22:37:50","modified_gmt":"2024-03-25T21:37:50","slug":"elementor-1782","status":"publish","type":"page","link":"https:\/\/pictys.art\/index.php\/elementor-1782\/","title":{"rendered":"Derri\u00e8re Pictys"},"content":{"rendered":"\t\t<div data-elementor-type=\"wp-page\" data-elementor-id=\"1782\" class=\"elementor elementor-1782\">\n\t\t\t\t<div class=\"elementor-element elementor-element-d994308 e-flex e-con-boxed e-con e-parent\" data-id=\"d994308\" data-element_type=\"container\" data-e-type=\"container\">\n\t\t\t\t\t<div class=\"e-con-inner\">\n\t\t\t\t<div class=\"elementor-element elementor-element-f963679 elementor-widget elementor-widget-heading\" data-id=\"f963679\" data-element_type=\"widget\" data-e-type=\"widget\" data-widget_type=\"heading.default\">\n\t\t\t\t<div class=\"elementor-widget-container\">\n\t\t\t\t\t<h4 class=\"elementor-heading-title elementor-size-default\">Pictys: Jo\u00ebl Querellou photographies<\/h4>\t\t\t\t<\/div>\n\t\t\t\t<\/div>\n\t\t\t\t\t<\/div>\n\t\t\t\t<\/div>\n\t\t<div class=\"elementor-element elementor-element-e341c40 e-flex e-con-boxed e-con e-parent\" data-id=\"e341c40\" data-element_type=\"container\" data-e-type=\"container\">\n\t\t\t\t\t<div class=\"e-con-inner\">\n\t\t\t\t<div class=\"elementor-element elementor-element-85f21c7 elementor-widget elementor-widget-text-editor\" data-id=\"85f21c7\" data-element_type=\"widget\" data-e-type=\"widget\" data-widget_type=\"text-editor.default\">\n\t\t\t\t<div class=\"elementor-widget-container\">\n\t\t\t\t\t\t\t\t\t<ul><li>Nom: <em><strong>Jo\u00ebl Querellou. Originaire du pays des rivi\u00e8res d&#8217;argent, des foug\u00e8res et des rochers (Plouy\u00e9 et Huelgoat) dans les Monts d&#8217;Arr\u00e9e<\/strong><\/em>.<br \/>Vit et habite actuellement en Bretagne \u00e0 Brest.<\/li><li>Microbiologiste des environnements extr\u00eames,\u00a0 ing\u00e9nieur agronome (INA 67), docteur en g\u00e9n\u00e9tique de l&#8217;universit\u00e9 Paris-Saclay.<\/li><li>Particularit\u00e9: s\u00e9journe trois ann\u00e9es au Japon au d\u00e9but des ann\u00e9es soixante-dix pour des travaux sur l&#8217;aquaculture japonaise. Ces ann\u00e9es seront d\u00e9terminantes tant sur le plan professionnel que par les amiti\u00e9s au long cours qui s&#8217;y noueront.<\/li><li>\u00a0Photographie: autodidacte. D\u00e9buts au Japon en 1970, avec du mat\u00e9riel Nikon; basculement chez Canon en 2003 et passage au num\u00e9rique. Adoption de DxO PL en 2015 et de darktable en 2018 pour le traitement des fichiers RAW.<\/li><li>Partage de l&#8217;exp\u00e9rience acquise comme animateur d&#8217;un atelier photo \u00e0 la MPT de St. Pierre \u00e0 Brest.<\/li><li>Centres d&#8217;int\u00e9r\u00eat: confidentiels. La photo, peut-\u00eatre.<\/li><li>Limitations: innombrables, parmi lesquelles la perception des myst\u00e8res des mondes infiniment grands et petits et la certitude de notre ignorance. En photographie, la perplexit\u00e9 voire l&#8217;incompr\u00e9hension devant des expositions &#8220;conceptuelles&#8221; dont les textes d&#8217;accompagnement sont souvent aussi abscons que les photos.<\/li><li>Inspiration: la peinture japonaise,\u00a0 le blanc de <a href=\"https:\/\/www.vincentmunier.com\/\" target=\"_blank\" rel=\"noopener\">Vincent Munier<\/a>. La puret\u00e9 des planches photographiques de <a href=\"https:\/\/artofbutterfly.com\/fr\/accueil\" target=\"_blank\" rel=\"noopener\">St\u00e9phane Hette.<\/a><br \/>Ainsi que le travail des immenses photographes qui nous ont pr\u00e9c\u00e9d\u00e9 et dont les enseignements constituent une richesse in\u00e9puisable. Leur diversit\u00e9 et leurs contradictions constituent une invitation \u00e0 quitter les sentiers battus, et \u00e0 explorer son propre chemin. Leurs <a href=\"https:\/\/independent-photo.com\/news\/the-100-most-inspiring-photography-quotes\/\" target=\"_blank\" rel=\"noopener\">citations<\/a> donnent un aper\u00e7u de cette diversit\u00e9. Parmi toutes ces citations, celle que je pr\u00e9f\u00e8re:<br \/>&#8220;<em>Quand on me demande quel \u00e9quipement j&#8217;utilise, je r\u00e9ponds: mes yeux<\/em>&#8221; (Anonyme).<\/li><\/ul>\t\t\t\t\t\t\t\t<\/div>\n\t\t\t\t<\/div>\n\t\t\t\t\t<\/div>\n\t\t\t\t<\/div>\n\t\t<div class=\"elementor-element elementor-element-034c9ef e-flex e-con-boxed e-con e-parent\" data-id=\"034c9ef\" data-element_type=\"container\" data-e-type=\"container\">\n\t\t\t\t\t<div class=\"e-con-inner\">\n\t\t<div class=\"elementor-element elementor-element-3572f95 e-con-full e-flex e-con e-child\" data-id=\"3572f95\" data-element_type=\"container\" data-e-type=\"container\">\n\t\t\t\t<div class=\"elementor-element elementor-element-d7931c6 elementor-widget elementor-widget-image\" data-id=\"d7931c6\" data-element_type=\"widget\" data-e-type=\"widget\" data-widget_type=\"image.default\">\n\t\t\t\t<div class=\"elementor-widget-container\">\n\t\t\t\t\t\t\t\t\t\t\t\t<figure class=\"wp-caption\">\n\t\t\t\t\t\t\t\t\t\t<img fetchpriority=\"high\" decoding=\"async\" width=\"500\" height=\"500\" src=\"https:\/\/pictys.art\/wp-content\/uploads\/2024\/02\/JQ-par-DG-min.jpg\" class=\"attachment-large size-large wp-image-4280\" alt=\"\" srcset=\"https:\/\/pictys.art\/wp-content\/uploads\/2024\/02\/JQ-par-DG-min.jpg 500w, https:\/\/pictys.art\/wp-content\/uploads\/2024\/02\/JQ-par-DG-min-300x300.jpg 300w, https:\/\/pictys.art\/wp-content\/uploads\/2024\/02\/JQ-par-DG-min-150x150.jpg 150w\" sizes=\"(max-width: 500px) 100vw, 500px\" \/>\t\t\t\t\t\t\t\t\t\t\t<figcaption class=\"widget-image-caption wp-caption-text\">JQ. 2019 Photo Dominique Gambier<\/figcaption>\n\t\t\t\t\t\t\t\t\t\t<\/figure>\n\t\t\t\t\t\t\t\t\t<\/div>\n\t\t\t\t<\/div>\n\t\t\t\t<\/div>\n\t\t<div class=\"elementor-element elementor-element-bf9812a e-con-full e-flex e-con e-child\" data-id=\"bf9812a\" data-element_type=\"container\" data-e-type=\"container\">\n\t\t\t\t<div class=\"elementor-element elementor-element-6d95d78 elementor-widget elementor-widget-image\" data-id=\"6d95d78\" data-element_type=\"widget\" data-e-type=\"widget\" data-widget_type=\"image.default\">\n\t\t\t\t<div class=\"elementor-widget-container\">\n\t\t\t\t\t\t\t\t\t\t\t\t<figure class=\"wp-caption\">\n\t\t\t\t\t\t\t\t\t\t<img decoding=\"async\" src=\"https:\/\/pictys.art\/wp-content\/uploads\/elementor\/thumbs\/Portraits-qjio3pd1045eemimyhbfakjhvcq3sjqtgvjvug4x3c.jpg\" title=\"Portraits\" alt=\"Portraits\" loading=\"lazy\" \/>\t\t\t\t\t\t\t\t\t\t\t<figcaption class=\"widget-image-caption wp-caption-text\">Autoportrait en cage<\/figcaption>\n\t\t\t\t\t\t\t\t\t\t<\/figure>\n\t\t\t\t\t\t\t\t\t<\/div>\n\t\t\t\t<\/div>\n\t\t\t\t<\/div>\n\t\t\t\t\t<\/div>\n\t\t\t\t<\/div>\n\t\t<div class=\"elementor-element elementor-element-cae30a0 e-flex e-con-boxed e-con e-parent\" data-id=\"cae30a0\" data-element_type=\"container\" data-e-type=\"container\">\n\t\t\t\t\t<div class=\"e-con-inner\">\n\t\t\t\t<div class=\"elementor-element elementor-element-07709c6 elementor-widget elementor-widget-text-editor\" data-id=\"07709c6\" data-element_type=\"widget\" data-e-type=\"widget\" data-widget_type=\"text-editor.default\">\n\t\t\t\t<div class=\"elementor-widget-container\">\n\t\t\t\t\t\t\t\t\t<p>Pour les amateurs de photos de rue, une visite du site de <a href=\"https:\/\/dominiquegambierphotographie.fr\/\" target=\"_blank\" rel=\"noopener\">Dominique Gambier<\/a> s&#8217;impose.<\/p>\t\t\t\t\t\t\t\t<\/div>\n\t\t\t\t<\/div>\n\t\t\t\t\t<\/div>\n\t\t\t\t<\/div>\n\t\t\t\t<\/div>\n\t\t","protected":false},"excerpt":{"rendered":"<p>Pictys: Jo\u00ebl Querellou photographies Nom: Jo\u00ebl Querellou. Originaire du pays des rivi\u00e8res d&#8217;argent, des foug\u00e8res et des rochers (Plouy\u00e9 et Huelgoat) dans les Monts d&#8217;Arr\u00e9e.Vit et habite actuellement en Bretagne [&hellip;]<\/p>\n","protected":false},"author":1,"featured_media":0,"parent":0,"menu_order":5,"comment_status":"closed","ping_status":"closed","template":"","meta":{"site-sidebar-layout":"no-sidebar","site-content-layout":"page-builder","ast-site-content-layout":"full-width-container","site-content-style":"default","site-sidebar-style":"default","ast-global-header-display":"","ast-banner-title-visibility":"","ast-main-header-display":"","ast-hfb-above-header-display":"","ast-hfb-below-header-display":"","ast-hfb-mobile-header-display":"","site-post-title":"disabled","ast-breadcrumbs-content":"","ast-featured-img":"disabled","footer-sml-layout":"","ast-disable-related-posts":"","theme-transparent-header-meta":"","adv-header-id-meta":"","stick-header-meta":"","header-above-stick-meta":"","header-main-stick-meta":"","header-below-stick-meta":"","astra-migrate-meta-layouts":"set","ast-page-background-enabled":"default","ast-page-background-meta":{"desktop":{"background-color":"","background-image":"","background-repeat":"repeat","background-position":"center center","background-size":"auto","background-attachment":"scroll","background-type":"","background-media":"","overlay-type":"","overlay-color":"","overlay-opacity":"","overlay-gradient":""},"tablet":{"background-color":"","background-image":"","background-repeat":"repeat","background-position":"center center","background-size":"auto","background-attachment":"scroll","background-type":"","background-media":"","overlay-type":"","overlay-color":"","overlay-opacity":"","overlay-gradient":""},"mobile":{"background-color":"","background-image":"","background-repeat":"repeat","background-position":"center center","background-size":"auto","background-attachment":"scroll","background-type":"","background-media":"","overlay-type":"","overlay-color":"","overlay-opacity":"","overlay-gradient":""}},"ast-content-background-meta":{"desktop":{"background-color":"var(--ast-global-color-5)","background-image":"","background-repeat":"repeat","background-position":"center center","background-size":"auto","background-attachment":"scroll","background-type":"","background-media":"","overlay-type":"","overlay-color":"","overlay-opacity":"","overlay-gradient":""},"tablet":{"background-color":"var(--ast-global-color-5)","background-image":"","background-repeat":"repeat","background-position":"center center","background-size":"auto","background-attachment":"scroll","background-type":"","background-media":"","overlay-type":"","overlay-color":"","overlay-opacity":"","overlay-gradient":""},"mobile":{"background-color":"var(--ast-global-color-5)","background-image":"","background-repeat":"repeat","background-position":"center center","background-size":"auto","background-attachment":"scroll","background-type":"","background-media":"","overlay-type":"","overlay-color":"","overlay-opacity":"","overlay-gradient":""}},"footnotes":""},"folder":[],"class_list":["post-1782","page","type-page","status-publish","hentry"],"aioseo_notices":[],"_links":{"self":[{"href":"https:\/\/pictys.art\/index.php\/wp-json\/wp\/v2\/pages\/1782","targetHints":{"allow":["GET"]}}],"collection":[{"href":"https:\/\/pictys.art\/index.php\/wp-json\/wp\/v2\/pages"}],"about":[{"href":"https:\/\/pictys.art\/index.php\/wp-json\/wp\/v2\/types\/page"}],"author":[{"embeddable":true,"href":"https:\/\/pictys.art\/index.php\/wp-json\/wp\/v2\/users\/1"}],"replies":[{"embeddable":true,"href":"https:\/\/pictys.art\/index.php\/wp-json\/wp\/v2\/comments?post=1782"}],"version-history":[{"count":62,"href":"https:\/\/pictys.art\/index.php\/wp-json\/wp\/v2\/pages\/1782\/revisions"}],"predecessor-version":[{"id":4499,"href":"https:\/\/pictys.art\/index.php\/wp-json\/wp\/v2\/pages\/1782\/revisions\/4499"}],"wp:attachment":[{"href":"https:\/\/pictys.art\/index.php\/wp-json\/wp\/v2\/media?parent=1782"}],"wp:term":[{"taxonomy":"folder","embeddable":true,"href":"https:\/\/pictys.art\/index.php\/wp-json\/wp\/v2\/folder?post=1782"}],"curies":[{"name":"wp","href":"https:\/\/api.w.org\/{rel}","templated":true}]}}