{"id":1765,"date":"2023-12-27T12:29:13","date_gmt":"2023-12-27T11:29:13","guid":{"rendered":"https:\/\/pictys.art\/?page_id=1765"},"modified":"2025-10-16T23:16:12","modified_gmt":"2025-10-16T21:16:12","slug":"elementor-1765","status":"publish","type":"page","link":"https:\/\/pictys.art\/index.php\/elementor-1765\/","title":{"rendered":"Atelier Photo"},"content":{"rendered":"\t\t<div data-elementor-type=\"wp-page\" data-elementor-id=\"1765\" class=\"elementor elementor-1765\">\n\t\t\t\t<div class=\"elementor-element elementor-element-d1c7e86 e-flex e-con-boxed e-con e-parent\" data-id=\"d1c7e86\" data-element_type=\"container\" data-e-type=\"container\">\n\t\t\t\t\t<div class=\"e-con-inner\">\n\t\t\t\t<div class=\"elementor-element elementor-element-c06f803 elementor-widget elementor-widget-text-editor\" data-id=\"c06f803\" data-element_type=\"widget\" data-e-type=\"widget\" data-widget_type=\"text-editor.default\">\n\t\t\t\t<div class=\"elementor-widget-container\">\n\t\t\t\t\t\t\t\t\t<p><br \/>L&#8217;atelier photo de la MPT de St. Pierre \u00e0\u00a0 Brest a \u00e9t\u00e9 cr\u00e9\u00e9 il y a une dizaine d\u2019ann\u00e9es.<br \/>Initialement, les deux animateurs b\u00e9n\u00e9voles ( Daniel Desbryu\u00e8res et Jo\u00ebl Querellou), r\u00e9pondant \u00e0 la demande, ont organis\u00e9 les ateliers hebdomadaires autour d&#8217;expos\u00e9s techniques et de travaux pratiques. L&#8217;objectif principal \u00e9tait de ma\u00eetriser les outils et les techniques de prises de vue et de traitement des fichiers RAW.<\/p><p>Cette demande ayant \u00e9volu\u00e9, l&#8217;atelier se concentre d\u00e9sormais sur les aspects artistiques de la photo issue de prises de vues avec des appareils num\u00e9riques.<\/p><p>Chaque s\u00e9ance hebdomadaire comporte trois volets: <br \/>(i) photos de la semaine r\u00e9alis\u00e9es par les participants sur un th\u00e8me donn\u00e9, et critique photographique (bienveillante!).<br \/>(ii) pr\u00e9sentation de l\u2019\u0153uvre d&#8217;un photographe reconnu et<br \/>(iii) pr\u00e9sentation\u00a0 et s\u00e9lection de photos destin\u00e9es \u00e0 \u00eatre expos\u00e9es dans le cadre du festival Pluie d&#8217;Images de Brest. Ce dernier volet est remplac\u00e9 \u00e0 partir de janvier par &#8220;La parole est \u00e0&#8230;&#8221; qui donne la possibilit\u00e9 \u00e0 chaque participant de pr\u00e9senter le meilleur de son travail au cours de l&#8217;ann\u00e9e \u00e9coul\u00e9e, ou un sujet de son choix faisant appel aux travaux d&#8217;autres photographes.<br \/>L\u2019atelier met \u00e0 disposition des participants une base d\u2019expos\u00e9s techniques et un ensemble de pr\u00e9sentations sur de nombreux photographes classiques et contemporains. Plusieurs tutoriels sont \u00e9galement disponibles pour aider \u00e0 l\u2019appropriation des logiciels libres <strong><em>darktable<\/em><\/strong> et ART (Another Raw Therapee) pour parfaire ses connaissances et sa pratique du traitement des fichiers RAW.<br \/>L&#8217;acc\u00e8s \u00e0 ces documents requiert une inscription \u00e0 la MPT de Saint-Pierre ainsi qu\u2019une inscription sp\u00e9cifique \u00e0 l\u2019atelier photo.<br \/><strong>&#8211; Expos\u00e9s techniques: mat\u00e9riels, r\u00e9glages \u00e0 la prise de vue.<\/strong><br \/><strong>&#8211; Expos\u00e9s th\u00e9matiques: photo de rue, paysages, photo animali\u00e8re, macro-photographie, etc.<\/strong><br \/><strong>&#8211; Expos\u00e9s artistiques: liste des photographes pr\u00e9sent\u00e9s.<\/strong><\/p><p>A noter que la reprise d&#8217;un atelier photo d\u00e9di\u00e9 aux aspects techniques est toujours envisageable. Sa mise en oeuvre d\u00e9pend de la demande, sachant qu&#8217;il faut au minimum 6 participants pour l&#8217;activer.<\/p>\t\t\t\t\t\t\t\t<\/div>\n\t\t\t\t<\/div>\n\t\t\t\t\t<\/div>\n\t\t\t\t<\/div>\n\t\t<div class=\"elementor-element elementor-element-0615765 e-flex e-con-boxed e-con e-parent\" data-id=\"0615765\" data-element_type=\"container\" data-e-type=\"container\">\n\t\t\t\t\t<div class=\"e-con-inner\">\n\t\t\t\t<div class=\"elementor-element elementor-element-9a3eb70 elementor-widget__width-initial elementor-widget elementor-widget-image\" data-id=\"9a3eb70\" data-element_type=\"widget\" data-e-type=\"widget\" data-widget_type=\"image.default\">\n\t\t\t\t<div class=\"elementor-widget-container\">\n\t\t\t\t\t\t\t\t\t\t\t\t\t\t\t<img fetchpriority=\"high\" decoding=\"async\" width=\"960\" height=\"720\" src=\"https:\/\/pictys.art\/wp-content\/uploads\/2025\/07\/Programme-atelier-photo-2025-2026_v0-page-1.jpg\" class=\"attachment-large size-large wp-image-7027\" alt=\"\" srcset=\"https:\/\/pictys.art\/wp-content\/uploads\/2025\/07\/Programme-atelier-photo-2025-2026_v0-page-1.jpg 960w, https:\/\/pictys.art\/wp-content\/uploads\/2025\/07\/Programme-atelier-photo-2025-2026_v0-page-1-300x225.jpg 300w, https:\/\/pictys.art\/wp-content\/uploads\/2025\/07\/Programme-atelier-photo-2025-2026_v0-page-1-768x576.jpg 768w\" sizes=\"(max-width: 960px) 100vw, 960px\" \/>\t\t\t\t\t\t\t\t\t\t\t\t\t\t\t<\/div>\n\t\t\t\t<\/div>\n\t\t\t\t\t<\/div>\n\t\t\t\t<\/div>\n\t\t<div class=\"elementor-element elementor-element-2156f78 e-flex e-con-boxed e-con e-parent\" data-id=\"2156f78\" data-element_type=\"container\" data-e-type=\"container\">\n\t\t\t\t\t<div class=\"e-con-inner\">\n\t\t\t\t<div class=\"elementor-element elementor-element-dd41430 elementor-widget elementor-widget-text-editor\" data-id=\"dd41430\" data-element_type=\"widget\" data-e-type=\"widget\" data-widget_type=\"text-editor.default\">\n\t\t\t\t<div class=\"elementor-widget-container\">\n\t\t\t\t\t\t\t\t\t<p><strong>Sites web de photographes de l&#8217;atelier:<\/strong><br \/>&#8211;<a href=\"https:\/\/danieldesbruyeresphotographie.com\/\" target=\"_blank\" rel=\"noopener\"> Daniel Desbruy\u00e8res<\/a> (Ne pas rater sa galerie sur l&#8217;\u00e9quitation et les enfants, parmi d&#8217;autres superbes galeries)<br \/>&#8211; <a href=\"https:\/\/dominiquegambierphotographie.fr\/\" target=\"_blank\" rel=\"noopener\">Dominique Gambier<\/a> (une d\u00e9couverte de ses photos de rues s&#8217;impose).<\/p>\t\t\t\t\t\t\t\t<\/div>\n\t\t\t\t<\/div>\n\t\t\t\t\t<\/div>\n\t\t\t\t<\/div>\n\t\t\t\t<\/div>\n\t\t","protected":false},"excerpt":{"rendered":"<p>L&#8217;atelier photo de la MPT de St. Pierre \u00e0\u00a0 Brest a \u00e9t\u00e9 cr\u00e9\u00e9 il y a une dizaine d\u2019ann\u00e9es.Initialement, les deux animateurs b\u00e9n\u00e9voles ( Daniel Desbryu\u00e8res et Jo\u00ebl Querellou), r\u00e9pondant [&hellip;]<\/p>\n","protected":false},"author":1,"featured_media":0,"parent":0,"menu_order":7,"comment_status":"open","ping_status":"closed","template":"","meta":{"site-sidebar-layout":"no-sidebar","site-content-layout":"page-builder","ast-site-content-layout":"full-width-container","site-content-style":"default","site-sidebar-style":"default","ast-global-header-display":"","ast-banner-title-visibility":"","ast-main-header-display":"","ast-hfb-above-header-display":"","ast-hfb-below-header-display":"","ast-hfb-mobile-header-display":"","site-post-title":"disabled","ast-breadcrumbs-content":"","ast-featured-img":"disabled","footer-sml-layout":"","ast-disable-related-posts":"","theme-transparent-header-meta":"","adv-header-id-meta":"","stick-header-meta":"","header-above-stick-meta":"","header-main-stick-meta":"","header-below-stick-meta":"","astra-migrate-meta-layouts":"set","ast-page-background-enabled":"default","ast-page-background-meta":{"desktop":{"background-color":"","background-image":"","background-repeat":"repeat","background-position":"center center","background-size":"auto","background-attachment":"scroll","background-type":"","background-media":"","overlay-type":"","overlay-color":"","overlay-opacity":"","overlay-gradient":""},"tablet":{"background-color":"","background-image":"","background-repeat":"repeat","background-position":"center center","background-size":"auto","background-attachment":"scroll","background-type":"","background-media":"","overlay-type":"","overlay-color":"","overlay-opacity":"","overlay-gradient":""},"mobile":{"background-color":"","background-image":"","background-repeat":"repeat","background-position":"center center","background-size":"auto","background-attachment":"scroll","background-type":"","background-media":"","overlay-type":"","overlay-color":"","overlay-opacity":"","overlay-gradient":""}},"ast-content-background-meta":{"desktop":{"background-color":"var(--ast-global-color-5)","background-image":"","background-repeat":"repeat","background-position":"center center","background-size":"auto","background-attachment":"scroll","background-type":"","background-media":"","overlay-type":"","overlay-color":"","overlay-opacity":"","overlay-gradient":""},"tablet":{"background-color":"var(--ast-global-color-5)","background-image":"","background-repeat":"repeat","background-position":"center center","background-size":"auto","background-attachment":"scroll","background-type":"","background-media":"","overlay-type":"","overlay-color":"","overlay-opacity":"","overlay-gradient":""},"mobile":{"background-color":"var(--ast-global-color-5)","background-image":"","background-repeat":"repeat","background-position":"center center","background-size":"auto","background-attachment":"scroll","background-type":"","background-media":"","overlay-type":"","overlay-color":"","overlay-opacity":"","overlay-gradient":""}},"footnotes":""},"folder":[],"class_list":["post-1765","page","type-page","status-publish","hentry"],"aioseo_notices":[],"_links":{"self":[{"href":"https:\/\/pictys.art\/index.php\/wp-json\/wp\/v2\/pages\/1765","targetHints":{"allow":["GET"]}}],"collection":[{"href":"https:\/\/pictys.art\/index.php\/wp-json\/wp\/v2\/pages"}],"about":[{"href":"https:\/\/pictys.art\/index.php\/wp-json\/wp\/v2\/types\/page"}],"author":[{"embeddable":true,"href":"https:\/\/pictys.art\/index.php\/wp-json\/wp\/v2\/users\/1"}],"replies":[{"embeddable":true,"href":"https:\/\/pictys.art\/index.php\/wp-json\/wp\/v2\/comments?post=1765"}],"version-history":[{"count":47,"href":"https:\/\/pictys.art\/index.php\/wp-json\/wp\/v2\/pages\/1765\/revisions"}],"predecessor-version":[{"id":7045,"href":"https:\/\/pictys.art\/index.php\/wp-json\/wp\/v2\/pages\/1765\/revisions\/7045"}],"wp:attachment":[{"href":"https:\/\/pictys.art\/index.php\/wp-json\/wp\/v2\/media?parent=1765"}],"wp:term":[{"taxonomy":"folder","embeddable":true,"href":"https:\/\/pictys.art\/index.php\/wp-json\/wp\/v2\/folder?post=1765"}],"curies":[{"name":"wp","href":"https:\/\/api.w.org\/{rel}","templated":true}]}}